{"id":5188,"date":"2026-04-27T08:07:54","date_gmt":"2026-04-27T08:07:54","guid":{"rendered":"https:\/\/artvisionsculptures.com\/?post_type=product&#038;p=5188"},"modified":"2026-04-27T08:10:35","modified_gmt":"2026-04-27T08:10:35","slug":"contemporary-expression-through-mirror-finished-stainless-steel","status":"publish","type":"product","link":"https:\/\/artvisionsculptures.com\/fr\/produit\/contemporary-expression-through-mirror-finished-stainless-steel\/","title":{"rendered":"Acier inoxydable \u00e0 finition miroir contemporain"},"content":{"rendered":"<p data-start=\"0\" data-end=\"405\"><span style=\"font-family: arial, helvetica, sans-serif;\">L'acier inoxydable poli miroir est devenu un choix de plus en plus populaire parmi les artistes et designers contemporains, appr\u00e9ci\u00e9 non seulement pour ses qualit\u00e9s visuelles saisissantes mais aussi pour sa polyvalence en termes de forme et d'expression. Ce mat\u00e9riau permet une grande libert\u00e9 cr\u00e9ative, permettant la r\u00e9alisation de formes fluides, organiques ou tr\u00e8s g\u00e9om\u00e9triques qui incarnent un fort sens de la modernit\u00e9 et de l'innovation.<\/span><\/p>\n<p data-start=\"407\" data-end=\"791\"><span style=\"font-family: arial, helvetica, sans-serif;\">Au-del\u00e0 de son attrait esth\u00e9tique, l'acier inoxydable est exceptionnellement durable. Il offre une excellente r\u00e9sistance \u00e0 la corrosion, \u00e0 l'oxydation et aux temp\u00e9ratures \u00e9lev\u00e9es, ce qui le rend particuli\u00e8rement adapt\u00e9 aux installations \u00e0 long terme en int\u00e9rieur comme en ext\u00e9rieur. Ces avantages pratiques garantissent que l'\u0153uvre conserve son int\u00e9grit\u00e9 et sa brillance dans le temps, m\u00eame dans des climats difficiles.<\/span><\/p>\n<p data-start=\"793\" data-end=\"1262\" data-is-last-node=\"\" data-is-only-node=\"\"><span style=\"font-family: arial, helvetica, sans-serif;\">Cette sculpture, r\u00e9alis\u00e9e en acier inoxydable 304, incarne pleinement ces qualit\u00e9s. Sa surface miroir non seulement met en valeur sa forme sculpturale mais interagit \u00e9galement activement avec son environnement\u2014captant la lumi\u00e8re, refl\u00e9tant le mouvement, et se transformant subtilement avec les changements de perspective et d\u2019environnement. En cons\u00e9quence, l'\u0153uvre devient plus qu\u2019un objet statique ; elle forme un dialogue visuel \u00e9volutif avec son cadre, int\u00e9grant harmonieusement l\u2019art, l\u2019espace et l\u2019exp\u00e9rience du spectateur.<\/span><\/p>","protected":false},"excerpt":{"rendered":"<p><span style=\"font-family: arial, helvetica, sans-serif;\">Informations de base :<\/span><\/p>\n<p><span style=\"font-family: arial, helvetica, sans-serif;\">Mat\u00e9riau : acier inoxydable 304<\/span><\/p>\n<p><span style=\"font-family: arial, helvetica, sans-serif;\">Dimension : L300cm<\/span><\/p>\n<p><span style=\"font-family: arial, helvetica, sans-serif;\">Finition de surface : Polissage miroir<\/span><\/p>","protected":false},"featured_media":5190,"template":"","meta":[],"product_cat":[46],"product_tag":[110,104,105,83,109,97,108,106,102,99,100,103,101,98,107],"class_list":{"0":"post-5188","1":"product","2":"type-product","3":"status-publish","4":"has-post-thumbnail","6":"product_cat-stainless-steel-sculpture","7":"product_tag-artanddesign","8":"product_tag-artgallerypiece","9":"product_tag-bespokeart","10":"product_tag-contemporarysculpture","11":"product_tag-creativesculpture","12":"product_tag-customsculpture","13":"product_tag-designsculpture","14":"product_tag-fineartobject","15":"product_tag-largescaleart","16":"product_tag-metalsculpturedesign","17":"product_tag-modernartsculpture","18":"product_tag-outdoorartinstallation","19":"product_tag-publicartsculpture","20":"product_tag-sculptureart","21":"product_tag-steelartwork","23":"first","24":"instock","25":"shipping-taxable","26":"product-type-simple"},"_links":{"self":[{"href":"https:\/\/artvisionsculptures.com\/fr\/wp-json\/wp\/v2\/product\/5188","targetHints":{"allow":["GET"]}}],"collection":[{"href":"https:\/\/artvisionsculptures.com\/fr\/wp-json\/wp\/v2\/product"}],"about":[{"href":"https:\/\/artvisionsculptures.com\/fr\/wp-json\/wp\/v2\/types\/product"}],"version-history":[{"count":2,"href":"https:\/\/artvisionsculptures.com\/fr\/wp-json\/wp\/v2\/product\/5188\/revisions"}],"predecessor-version":[{"id":5193,"href":"https:\/\/artvisionsculptures.com\/fr\/wp-json\/wp\/v2\/product\/5188\/revisions\/5193"}],"wp:featuredmedia":[{"embeddable":true,"href":"https:\/\/artvisionsculptures.com\/fr\/wp-json\/wp\/v2\/media\/5190"}],"wp:attachment":[{"href":"https:\/\/artvisionsculptures.com\/fr\/wp-json\/wp\/v2\/media?parent=5188"}],"wp:term":[{"taxonomy":"product_cat","embeddable":true,"href":"https:\/\/artvisionsculptures.com\/fr\/wp-json\/wp\/v2\/product_cat?post=5188"},{"taxonomy":"product_tag","embeddable":true,"href":"https:\/\/artvisionsculptures.com\/fr\/wp-json\/wp\/v2\/product_tag?post=5188"}],"curies":[{"name":"wp","href":"https:\/\/api.w.org\/{rel}","templated":true}]}}