{"id":520,"date":"2023-04-06T09:06:32","date_gmt":"2023-04-06T09:06:32","guid":{"rendered":"http:\/\/artvisionsculptures.com\/?post_type=product&#038;p=520"},"modified":"2024-01-12T09:04:15","modified_gmt":"2024-01-12T09:04:15","slug":"520","status":"publish","type":"product","link":"https:\/\/artvisionsculptures.com\/fr\/produit\/520\/","title":{"rendered":"Sculpture d'art Hulu en acier inoxydable miroir moul\u00e9"},"content":{"rendered":"<p>\u201cHulu\u201d, une sculpture en acier inoxydable exemplaire r\u00e9alis\u00e9e par le c\u00e9l\u00e8bre artiste chinois Huang Yulong, capture magnifiquement l'essence de l'harmonie et de la connexion. Fa\u00e7onn\u00e9e en acier inoxydable de haute qualit\u00e9 316L et soigneusement polie pour obtenir une finition miroir, la sculpture repr\u00e9sente un adulte assis en tailleur, avec un enfant montant sur leur cou et leurs doigts d\u00e9licatement entrelac\u00e9s.<\/p>\n<p>Le processus complexe de moulage des sculptures en acier inoxydable implique la fonte de l'acier inoxydable par la m\u00e9thode traditionnelle de moulage \u00e0 cire perdue. Ce m\u00e9tal en fusion est soigneusement vers\u00e9 dans des moules, passant par diff\u00e9rentes \u00e9tapes telles que les moules en argile, en silicone et en sable. Le r\u00e9sultat est une sculpture avec une forme et une structure sp\u00e9cifiques apr\u00e8s refroidissement et solidification. Pour obtenir la forme souhait\u00e9e, la sculpture est coul\u00e9e en plusieurs sections, qui sont ensuite assembl\u00e9es et soud\u00e9es selon le mod\u00e8le.<\/p>\n<p>La derni\u00e8re \u00e9tape, et sans doute la plus difficile, consiste en le traitement de surface. Les sculptures en acier inoxydable coul\u00e9 pr\u00e9sentent g\u00e9n\u00e9ralement des d\u00e9tails de surface complexes, n\u00e9cessitant une approche patiente et m\u00e9ticuleuse pour le polissage et la finition. Gr\u00e2ce \u00e0 sa mati\u00e8re robuste et \u00e0 sa r\u00e9sistance exceptionnelle \u00e0 la corrosion, les sculptures en acier inoxydable coul\u00e9 trouvent une large application dans les installations artistiques publiques, les sculptures urbaines et la conception paysag\u00e8re. Leur durabilit\u00e9 les rend particuli\u00e8rement adapt\u00e9es \u00e0 une conservation \u00e0 long terme en ext\u00e9rieur, o\u00f9 elles peuvent continuer \u00e0 enrichir et embellir les espaces publics.<\/p>","protected":false},"excerpt":{"rendered":"<p class=\"p\"><strong><span class=\"15\">Informations de base :<\/span><\/strong><\/p>\n<p class=\"p\">Mat\u00e9riau : acier inoxydable 316L<\/p>\n<p class=\"p\">Dimension : H100cm (3,3 pieds)<\/p>\n<p class=\"p\">Finition de surface : Polissage miroir<\/p>","protected":false},"featured_media":523,"template":"","meta":[],"product_cat":[46],"product_tag":[],"class_list":{"0":"post-520","1":"product","2":"type-product","3":"status-publish","4":"has-post-thumbnail","6":"product_cat-stainless-steel-sculpture","8":"first","9":"instock","10":"shipping-taxable","11":"product-type-simple"},"_links":{"self":[{"href":"https:\/\/artvisionsculptures.com\/fr\/wp-json\/wp\/v2\/product\/520","targetHints":{"allow":["GET"]}}],"collection":[{"href":"https:\/\/artvisionsculptures.com\/fr\/wp-json\/wp\/v2\/product"}],"about":[{"href":"https:\/\/artvisionsculptures.com\/fr\/wp-json\/wp\/v2\/types\/product"}],"version-history":[{"count":5,"href":"https:\/\/artvisionsculptures.com\/fr\/wp-json\/wp\/v2\/product\/520\/revisions"}],"predecessor-version":[{"id":1198,"href":"https:\/\/artvisionsculptures.com\/fr\/wp-json\/wp\/v2\/product\/520\/revisions\/1198"}],"wp:featuredmedia":[{"embeddable":true,"href":"https:\/\/artvisionsculptures.com\/fr\/wp-json\/wp\/v2\/media\/523"}],"wp:attachment":[{"href":"https:\/\/artvisionsculptures.com\/fr\/wp-json\/wp\/v2\/media?parent=520"}],"wp:term":[{"taxonomy":"product_cat","embeddable":true,"href":"https:\/\/artvisionsculptures.com\/fr\/wp-json\/wp\/v2\/product_cat?post=520"},{"taxonomy":"product_tag","embeddable":true,"href":"https:\/\/artvisionsculptures.com\/fr\/wp-json\/wp\/v2\/product_tag?post=520"}],"curies":[{"name":"wp","href":"https:\/\/api.w.org\/{rel}","templated":true}]}}