{"id":528,"date":"2022-12-11T09:08:11","date_gmt":"2022-12-11T09:08:11","guid":{"rendered":"http:\/\/artvisionsculptures.com\/?post_type=product&#038;p=528"},"modified":"2024-01-12T08:49:30","modified_gmt":"2024-01-12T08:49:30","slug":"painted-stainless-steel-desk-sculpture","status":"publish","type":"product","link":"https:\/\/artvisionsculptures.com\/fr\/produit\/painted-stainless-steel-desk-sculpture\/","title":{"rendered":"Sculpture de bureau en acier inoxydable peinte"},"content":{"rendered":"<p class=\"p\" align=\"justify\">\u00c0 Weihai, dans la province du Shandong, un bureau d'\u00e9cole g\u00e9ant de 6,8 m\u00e8tres de haut est inclin\u00e9 dans la mer. De petits bureaux remplis de questions sont align\u00e9s et organis\u00e9s selon une chronologie. Pour sensibiliser \u00e0 l'importance des \u00e9missions de carbone, le groupe Yili s'est associ\u00e9 \u00e0 la Not Gallery pour cr\u00e9er un examen bient\u00f4t inond\u00e9 sur le front de mer, appelant chaque personne sur terre \u00e0 r\u00e9duire ses \u00e9missions de carbone et \u00e0 donner une r\u00e9ponse satisfaisante \u00e0 la Terre en 2050. Chaque action z\u00e9ro carbone conduira \u00e0 un avenir meilleur.<\/p>","protected":false},"excerpt":{"rendered":"<p class=\"p\" align=\"justify\"><strong>Informations de base :<\/strong><\/p>\n<p class=\"p\" align=\"justify\">Mat\u00e9riau : acier inoxydable 316L<\/p>\n<p class=\"p\" align=\"justify\">Dimension : H6,8m<\/p>\n<p class=\"p\" align=\"justify\">Traitement de surface : Peinture en spray<\/p>","protected":false},"featured_media":533,"template":"","meta":[],"product_cat":[46],"product_tag":[],"class_list":{"0":"post-528","1":"product","2":"type-product","3":"status-publish","4":"has-post-thumbnail","6":"product_cat-stainless-steel-sculpture","8":"first","9":"instock","10":"shipping-taxable","11":"product-type-simple"},"_links":{"self":[{"href":"https:\/\/artvisionsculptures.com\/fr\/wp-json\/wp\/v2\/product\/528","targetHints":{"allow":["GET"]}}],"collection":[{"href":"https:\/\/artvisionsculptures.com\/fr\/wp-json\/wp\/v2\/product"}],"about":[{"href":"https:\/\/artvisionsculptures.com\/fr\/wp-json\/wp\/v2\/types\/product"}],"version-history":[{"count":2,"href":"https:\/\/artvisionsculptures.com\/fr\/wp-json\/wp\/v2\/product\/528\/revisions"}],"predecessor-version":[{"id":1111,"href":"https:\/\/artvisionsculptures.com\/fr\/wp-json\/wp\/v2\/product\/528\/revisions\/1111"}],"wp:featuredmedia":[{"embeddable":true,"href":"https:\/\/artvisionsculptures.com\/fr\/wp-json\/wp\/v2\/media\/533"}],"wp:attachment":[{"href":"https:\/\/artvisionsculptures.com\/fr\/wp-json\/wp\/v2\/media?parent=528"}],"wp:term":[{"taxonomy":"product_cat","embeddable":true,"href":"https:\/\/artvisionsculptures.com\/fr\/wp-json\/wp\/v2\/product_cat?post=528"},{"taxonomy":"product_tag","embeddable":true,"href":"https:\/\/artvisionsculptures.com\/fr\/wp-json\/wp\/v2\/product_tag?post=528"}],"curies":[{"name":"wp","href":"https:\/\/api.w.org\/{rel}","templated":true}]}}