{"id":535,"date":"2023-02-23T09:09:13","date_gmt":"2023-02-23T09:09:13","guid":{"rendered":"http:\/\/artvisionsculptures.com\/?post_type=product&#038;p=535"},"modified":"2024-01-12T08:42:49","modified_gmt":"2024-01-12T08:42:49","slug":"perforated-stainless-steel-fairy-sculpture","status":"publish","type":"product","link":"https:\/\/artvisionsculptures.com\/fr\/produit\/perforated-stainless-steel-fairy-sculpture\/","title":{"rendered":"Sculpture de f\u00e9e en acier inoxydable perfor\u00e9"},"content":{"rendered":"<p>La sculpture assise est faite en acier inoxydable de haute qualit\u00e9 avec une finition miroir super brillante d'une hauteur de 1,2 m. C'est une sculpture d'une f\u00e9e issue de la mythologie et des l\u00e9gendes, avec deux ailes l\u00e9g\u00e8res dans son dos et quelques jolis papillons regroup\u00e9s autour d'elle, elle est vraiment magnifique, l\u00e9g\u00e8re et \u00e9lanc\u00e9e.<\/p>\n<p>Les plaques perfor\u00e9es et les c\u00e2bles en fil de fer sont \u00e9galement souvent utilis\u00e9s dans la fabrication de sculptures m\u00e9talliques. Finement polies \u00e9tape par \u00e9tape en utilisant l'artisanat de forge \u00e0 la main. Cela commence par un mod\u00e8le en mousse, puis toute la sculpture est divis\u00e9e en sections, les plaques en acier perfor\u00e9 sont d\u00e9coup\u00e9es et forg\u00e9es en la forme appropri\u00e9e avant d'\u00eatre assembl\u00e9es et soud\u00e9es, et la derni\u00e8re \u00e9tape consiste \u00e0 effectuer le traitement de surface. Une fois termin\u00e9e, les marques de soudure sur la surface sont invisibles, ce qui n\u00e9cessite \u00e9galement la grande comp\u00e9tence du ma\u00eetre artisan.<\/p>","protected":false},"excerpt":{"rendered":"<p><strong>Informations de base :<\/strong><\/p>\n<p>Mat\u00e9riau : acier inoxydable 316L<\/p>\n<p>Dimension : H1,2m<\/p>\n<p>Traitement de surface : Polissage miroir<\/p>","protected":false},"featured_media":537,"template":"","meta":[],"product_cat":[46],"product_tag":[],"class_list":{"0":"post-535","1":"product","2":"type-product","3":"status-publish","4":"has-post-thumbnail","6":"product_cat-stainless-steel-sculpture","8":"first","9":"instock","10":"shipping-taxable","11":"product-type-simple"},"_links":{"self":[{"href":"https:\/\/artvisionsculptures.com\/fr\/wp-json\/wp\/v2\/product\/535","targetHints":{"allow":["GET"]}}],"collection":[{"href":"https:\/\/artvisionsculptures.com\/fr\/wp-json\/wp\/v2\/product"}],"about":[{"href":"https:\/\/artvisionsculptures.com\/fr\/wp-json\/wp\/v2\/types\/product"}],"version-history":[{"count":2,"href":"https:\/\/artvisionsculptures.com\/fr\/wp-json\/wp\/v2\/product\/535\/revisions"}],"predecessor-version":[{"id":1110,"href":"https:\/\/artvisionsculptures.com\/fr\/wp-json\/wp\/v2\/product\/535\/revisions\/1110"}],"wp:featuredmedia":[{"embeddable":true,"href":"https:\/\/artvisionsculptures.com\/fr\/wp-json\/wp\/v2\/media\/537"}],"wp:attachment":[{"href":"https:\/\/artvisionsculptures.com\/fr\/wp-json\/wp\/v2\/media?parent=535"}],"wp:term":[{"taxonomy":"product_cat","embeddable":true,"href":"https:\/\/artvisionsculptures.com\/fr\/wp-json\/wp\/v2\/product_cat?post=535"},{"taxonomy":"product_tag","embeddable":true,"href":"https:\/\/artvisionsculptures.com\/fr\/wp-json\/wp\/v2\/product_tag?post=535"}],"curies":[{"name":"wp","href":"https:\/\/api.w.org\/{rel}","templated":true}]}}