{"id":549,"date":"2023-06-25T09:13:22","date_gmt":"2023-06-25T09:13:22","guid":{"rendered":"http:\/\/artvisionsculptures.com\/?post_type=product&#038;p=549"},"modified":"2024-01-12T08:38:04","modified_gmt":"2024-01-12T08:38:04","slug":"mirror-polished-cast-stainless-steel-sculpture","status":"publish","type":"product","link":"https:\/\/artvisionsculptures.com\/fr\/produit\/mirror-polished-cast-stainless-steel-sculpture\/","title":{"rendered":"Sculpture en acier inoxydable poli miroir"},"content":{"rendered":"<div id=\"smv_tem_28_34\" class=\"esmartMargin smartAbs expandFlag\">\n<div class=\"yibuFrameContent tem_28_34 area_Style1\">\n<div class=\"w-container\" data-effect-name=\"enterTop\">\n<div id=\"smc_Area0\" class=\"smAreaC expandFlag\">\n<div id=\"smv_tem_25_25\" class=\"smartRecpt esmartMargin smartAbs\">\n<div class=\"yibuFrameContent tem_25_25 productContentBind_Style1\">\n<div id=\"tem_25_25_txt\" class=\"w-detailcontent\">\n<div class=\"w-detail\">\n<p>Il s'agit d'une sculpture en acier inoxydable \u00e9poustouflante con\u00e7ue par un artiste chinois renomm\u00e9, mesurant 80cm de hauteur. La sculpture se compose de deux parties : la partie avant pr\u00e9sente une figure humaine abstraite portant une couronne sur la t\u00eate, tandis que l'arri\u00e8re est d\u00e9cor\u00e9 d'un grand nombre de bulles. Le style unique de la figure humaine, trait\u00e9 avec coloration, ajoute une touche de personnalit\u00e9 \u00e0 l'\u0153uvre. La couronne sur la t\u00eate de la figure symbolise le pouvoir et la royaut\u00e9, conf\u00e9rant \u00e0 l'\u0153uvre un sentiment de majest\u00e9. Les bulles \u00e0 l'arri\u00e8re de la sculpture sont polies miroir, refl\u00e9tant les personnes et l'environnement environnants, cr\u00e9ant un contraste saisissant. Cela incarne \u00e9galement la fusion de l'art traditionnel et moderne.<\/p>\n<p>La sculpture est fabriqu\u00e9e en acier inoxydable 316L de haute qualit\u00e9 et est r\u00e9alis\u00e9e par un proc\u00e9d\u00e9 de moulage global, allant de la conception et du moulage en silicone au moulage en acier inoxydable et au traitement de surface color\u00e9. Nous pr\u00eatons attention \u00e0 chaque d\u00e9tail pour garantir la plus haute qualit\u00e9 du produit final.<\/p>\n<\/div>\n<\/div>\n<\/div>\n<\/div>\n<\/div>\n<\/div>\n<\/div>\n<\/div>\n<div id=\"smv_tem_26_2\" class=\"esmartMargin smartAbs\">\n<div class=\"yibuFrameContent tem_26_2 fullpageSlide_Style1\">\n<div id=\"lider_smv_tem_26_2_wrapper\">\n<div id=\"slider_smv_tem_26_2\" class=\"w-slide\" data-jssor-slider=\"1\">\n<div>\n<div data-scale-ratio=\"1\">\n<div class=\"w-slide-inner\" data-u=\"slides\"><\/div>\n<\/div>\n<\/div>\n<\/div>\n<\/div>\n<\/div>\n<\/div>","protected":false},"excerpt":{"rendered":"<p class=\"p\"><strong><span class=\"15\">Informations de base :<\/span><\/strong><\/p>\n<p class=\"p\">Mat\u00e9riau : acier inoxydable 316L<\/p>\n<p class=\"p\">Dimension : H80cm (2,75ft)<\/p>\n<p class=\"p\">Finition de surface : Polissage miroir<\/p>","protected":false},"featured_media":550,"template":"","meta":[],"product_cat":[46],"product_tag":[],"class_list":{"0":"post-549","1":"product","2":"type-product","3":"status-publish","4":"has-post-thumbnail","6":"product_cat-stainless-steel-sculpture","8":"first","9":"instock","10":"shipping-taxable","11":"product-type-simple"},"_links":{"self":[{"href":"https:\/\/artvisionsculptures.com\/fr\/wp-json\/wp\/v2\/product\/549","targetHints":{"allow":["GET"]}}],"collection":[{"href":"https:\/\/artvisionsculptures.com\/fr\/wp-json\/wp\/v2\/product"}],"about":[{"href":"https:\/\/artvisionsculptures.com\/fr\/wp-json\/wp\/v2\/types\/product"}],"version-history":[{"count":2,"href":"https:\/\/artvisionsculptures.com\/fr\/wp-json\/wp\/v2\/product\/549\/revisions"}],"predecessor-version":[{"id":1108,"href":"https:\/\/artvisionsculptures.com\/fr\/wp-json\/wp\/v2\/product\/549\/revisions\/1108"}],"wp:featuredmedia":[{"embeddable":true,"href":"https:\/\/artvisionsculptures.com\/fr\/wp-json\/wp\/v2\/media\/550"}],"wp:attachment":[{"href":"https:\/\/artvisionsculptures.com\/fr\/wp-json\/wp\/v2\/media?parent=549"}],"wp:term":[{"taxonomy":"product_cat","embeddable":true,"href":"https:\/\/artvisionsculptures.com\/fr\/wp-json\/wp\/v2\/product_cat?post=549"},{"taxonomy":"product_tag","embeddable":true,"href":"https:\/\/artvisionsculptures.com\/fr\/wp-json\/wp\/v2\/product_tag?post=549"}],"curies":[{"name":"wp","href":"https:\/\/api.w.org\/{rel}","templated":true}]}}