{"id":557,"date":"2023-09-20T09:14:55","date_gmt":"2023-09-20T09:14:55","guid":{"rendered":"http:\/\/artvisionsculptures.com\/?post_type=product&#038;p=557"},"modified":"2024-01-12T08:23:33","modified_gmt":"2024-01-12T08:23:33","slug":"painting-fiberglass-hand-and-figure-sculpture","status":"publish","type":"product","link":"https:\/\/artvisionsculptures.com\/fr\/produit\/painting-fiberglass-hand-and-figure-sculpture\/","title":{"rendered":"Peinture de sculpture en fibre de verre \u00e0 main et en figure"},"content":{"rendered":"<div id=\"smv_tem_28_34\" class=\"esmartMargin smartAbs expandFlag\">\n<div class=\"yibuFrameContent tem_28_34 area_Style1\">\n<div class=\"w-container\" data-effect-name=\"enterTop\">\n<div id=\"smc_Area0\" class=\"smAreaC expandFlag\">\n<div id=\"smv_tem_25_25\" class=\"smartRecpt esmartMargin smartAbs\">\n<div class=\"yibuFrameContent tem_25_25 productContentBind_Style1\">\n<div id=\"tem_25_25_txt\" class=\"w-detailcontent\">\n<div class=\"w-detail\">\n<p>La fibre de verre est l'un des mat\u00e9riaux principaux et populaires utilis\u00e9s dans la production de sculptures ext\u00e9rieures. Cette installation artistique, compos\u00e9e d'une grande main, d'une figure et de l'ombre de la main. La figure humano\u00efde et la main sont toutes deux en fibre de verre, tandis que l'ombre de la main est en acier inoxydable 304. Sa hauteur est de 3 m\u00e8tres. Cette combinaison garantit une apparence coh\u00e9rente et offre stabilit\u00e9 et s\u00e9curit\u00e9 pour l'ensemble de la sculpture.<\/p>\n<p>Lors du processus de fabrication, bas\u00e9 sur la conception du mod\u00e8le 3D, un mod\u00e8le en mousse \u00e0 l'\u00e9chelle 1:1 est d'abord cr\u00e9\u00e9. Ensuite, la fibre de verre est moul\u00e9e en sections selon le mod\u00e8le. En raison de la nature particuli\u00e8re de la fibre de verre, le processus de moulage n\u00e9cessite plusieurs r\u00e9p\u00e9titions pour assurer que la fibre de verre remplit compl\u00e8tement le moule et forme la forme souhait\u00e9e, suivi de refroidissement et de d\u00e9moulage. Pour renforcer davantage la sculpture, une structure en acier inoxydable est install\u00e9e \u00e0 l'int\u00e9rieur en tant que support, garantissant sa r\u00e9sistance et augmentant sa dur\u00e9e de vie.<\/p>\n<p>Ceci est une nouvelle \u0153uvre de M. Andy Lau et de l'artiste Wong Yulong, expos\u00e9e au Freespace du District Culturel de Hong Kong. Elle a attir\u00e9 l'attention de nombreux amateurs d'art.<\/p>\n<\/div>\n<\/div>\n<\/div>\n<\/div>\n<\/div>\n<\/div>\n<\/div>\n<\/div>\n<div id=\"smv_tem_26_2\" class=\"esmartMargin smartAbs\">\n<div class=\"yibuFrameContent tem_26_2 fullpageSlide_Style1\">\n<div id=\"lider_smv_tem_26_2_wrapper\">\n<div id=\"slider_smv_tem_26_2\" class=\"w-slide\" data-jssor-slider=\"1\">\n<div>\n<div data-scale-ratio=\"1\">\n<div class=\"w-slide-inner\" data-u=\"slides\"><\/div>\n<\/div>\n<\/div>\n<\/div>\n<\/div>\n<\/div>\n<\/div>","protected":false},"excerpt":{"rendered":"<p><strong>Informations de base :<\/strong><\/p>\n<p>Mat\u00e9riau : acier inoxydable 304 &amp; fibre de verre<\/p>\n<p>Dimension : H300cm(9,8ft)<\/p>\n<p>Traitement de surface : Peinture par pulv\u00e9risation<\/p>","protected":false},"featured_media":967,"template":"","meta":[],"product_cat":[49],"product_tag":[],"class_list":{"0":"post-557","1":"product","2":"type-product","3":"status-publish","4":"has-post-thumbnail","6":"product_cat-fiberglass-sculpture","8":"first","9":"instock","10":"shipping-taxable","11":"product-type-simple"},"_links":{"self":[{"href":"https:\/\/artvisionsculptures.com\/fr\/wp-json\/wp\/v2\/product\/557","targetHints":{"allow":["GET"]}}],"collection":[{"href":"https:\/\/artvisionsculptures.com\/fr\/wp-json\/wp\/v2\/product"}],"about":[{"href":"https:\/\/artvisionsculptures.com\/fr\/wp-json\/wp\/v2\/types\/product"}],"version-history":[{"count":2,"href":"https:\/\/artvisionsculptures.com\/fr\/wp-json\/wp\/v2\/product\/557\/revisions"}],"predecessor-version":[{"id":1107,"href":"https:\/\/artvisionsculptures.com\/fr\/wp-json\/wp\/v2\/product\/557\/revisions\/1107"}],"wp:featuredmedia":[{"embeddable":true,"href":"https:\/\/artvisionsculptures.com\/fr\/wp-json\/wp\/v2\/media\/967"}],"wp:attachment":[{"href":"https:\/\/artvisionsculptures.com\/fr\/wp-json\/wp\/v2\/media?parent=557"}],"wp:term":[{"taxonomy":"product_cat","embeddable":true,"href":"https:\/\/artvisionsculptures.com\/fr\/wp-json\/wp\/v2\/product_cat?post=557"},{"taxonomy":"product_tag","embeddable":true,"href":"https:\/\/artvisionsculptures.com\/fr\/wp-json\/wp\/v2\/product_tag?post=557"}],"curies":[{"name":"wp","href":"https:\/\/api.w.org\/{rel}","templated":true}]}}