{"id":564,"date":"2022-11-10T09:17:41","date_gmt":"2022-11-10T09:17:41","guid":{"rendered":"http:\/\/artvisionsculptures.com\/?post_type=product&#038;p=564"},"modified":"2024-01-12T08:18:16","modified_gmt":"2024-01-12T08:18:16","slug":"golden-bronze-heaven-and-earth-sculpture","status":"publish","type":"product","link":"https:\/\/artvisionsculptures.com\/fr\/produit\/golden-bronze-heaven-and-earth-sculpture\/","title":{"rendered":"Sculpture en bronze Ciel et Terre en or"},"content":{"rendered":"<p>Cette \u00e9l\u00e9gante sculpture en bronze est r\u00e9alis\u00e9e en bronze moul\u00e9. Elle poss\u00e8de une finition en feuille d'or, qui constitue une couche protectrice pouvant durer des centaines d'ann\u00e9es si elle est bien entretenue. La belle sculpture d'une figure pointant vers le ciel est un symbole courant d'inspiration et d'espoir. Lorsque vous remplissez votre maison avec cette \u0153uvre d'art d\u00e9corative, vous y apportez une \u00e9nergie positive.<\/p>","protected":false},"excerpt":{"rendered":"<p><strong>Informations de base :<\/strong><\/p>\n<p>Mat\u00e9riau : Bronze<\/p>\n<p>Dimension : H53\/103cm<\/p>\n<p>Traitement de surface : Patine et feuille d'or<\/p>","protected":false},"featured_media":565,"template":"","meta":[],"product_cat":[47],"product_tag":[],"class_list":{"0":"post-564","1":"product","2":"type-product","3":"status-publish","4":"has-post-thumbnail","6":"product_cat-bronze-sculpture","8":"first","9":"instock","10":"shipping-taxable","11":"product-type-simple"},"_links":{"self":[{"href":"https:\/\/artvisionsculptures.com\/fr\/wp-json\/wp\/v2\/product\/564","targetHints":{"allow":["GET"]}}],"collection":[{"href":"https:\/\/artvisionsculptures.com\/fr\/wp-json\/wp\/v2\/product"}],"about":[{"href":"https:\/\/artvisionsculptures.com\/fr\/wp-json\/wp\/v2\/types\/product"}],"version-history":[{"count":2,"href":"https:\/\/artvisionsculptures.com\/fr\/wp-json\/wp\/v2\/product\/564\/revisions"}],"predecessor-version":[{"id":1105,"href":"https:\/\/artvisionsculptures.com\/fr\/wp-json\/wp\/v2\/product\/564\/revisions\/1105"}],"wp:featuredmedia":[{"embeddable":true,"href":"https:\/\/artvisionsculptures.com\/fr\/wp-json\/wp\/v2\/media\/565"}],"wp:attachment":[{"href":"https:\/\/artvisionsculptures.com\/fr\/wp-json\/wp\/v2\/media?parent=564"}],"wp:term":[{"taxonomy":"product_cat","embeddable":true,"href":"https:\/\/artvisionsculptures.com\/fr\/wp-json\/wp\/v2\/product_cat?post=564"},{"taxonomy":"product_tag","embeddable":true,"href":"https:\/\/artvisionsculptures.com\/fr\/wp-json\/wp\/v2\/product_tag?post=564"}],"curies":[{"name":"wp","href":"https:\/\/api.w.org\/{rel}","templated":true}]}}