{"id":578,"date":"2022-10-31T09:22:40","date_gmt":"2022-10-31T09:22:40","guid":{"rendered":"http:\/\/artvisionsculptures.com\/?post_type=product&#038;p=578"},"modified":"2024-01-12T08:19:21","modified_gmt":"2024-01-12T08:19:21","slug":"casting-bronze-sculptrue-foundry","status":"publish","type":"product","link":"https:\/\/artvisionsculptures.com\/fr\/produit\/casting-bronze-sculptrue-foundry\/","title":{"rendered":"Masque en bronze patin\u00e9, sculpture homme"},"content":{"rendered":"<div id=\"smv_tem_28_34\" class=\"esmartMargin smartAbs\">\n<div class=\"yibuFrameContent tem_28_34 area_Style1\">\n<div class=\"w-container\" data-effect-name=\"enterTop\">\n<div id=\"smc_Area0\" class=\"smAreaC\">\n<div id=\"smv_tem_25_25\" class=\"smartRecpt esmartMargin smartAbs\">\n<div class=\"yibuFrameContent tem_25_25 productContentBind_Style1\">\n<div id=\"tem_25_25_txt\" class=\"w-detailcontent\">\n<div class=\"w-detail\">\n<p class=\"p\">La sculpture en bronze en forme de figure est \u00e9galement souvent cr\u00e9\u00e9e sous la forme d'un buste, avec l'accent mis sur le d\u00e9tail du visage de la figure en surface. Regardez cette sculpture, elle a une capuche sur la t\u00eate et un masque couvrant le visage, une robe moderne \u00e0 la mode. La sculpture est en bronze avec une surface \u00e0 patine gris fonc\u00e9, et chaque d\u00e9tail est soigneusement fa\u00e7onn\u00e9.<\/p>\n<p class=\"p\">Le moulage en bronze est r\u00e9alis\u00e9 en utilisant le proc\u00e9d\u00e9 traditionnel de moulage \u00e0 la cire perdue. Le processus consiste \u00e0 verser du bronze fondu dans un moule en silicone creux pour cr\u00e9er une sculpture ou un objet en bronze frontal.<\/p>\n<\/div>\n<\/div>\n<\/div>\n<\/div>\n<\/div>\n<\/div>\n<\/div>\n<\/div>\n<div id=\"smv_tem_26_2\" class=\"esmartMargin smartAbs\">\n<div class=\"yibuFrameContent tem_26_2 fullpageSlide_Style1\">\n<div id=\"lider_smv_tem_26_2_wrapper\">\n<div id=\"slider_smv_tem_26_2\" class=\"w-slide\" data-jssor-slider=\"1\">\n<div>\n<div data-scale-ratio=\"1\">\n<div class=\"w-slide-inner\" data-u=\"slides\"><\/div>\n<\/div>\n<\/div>\n<\/div>\n<\/div>\n<\/div>\n<\/div>","protected":false},"excerpt":{"rendered":"<p class=\"p\"><strong><span class=\"15\">Informations de base :<\/span><\/strong><\/p>\n<p class=\"p\">Mat\u00e9riau : Bronze<\/p>\n<p class=\"p\">Dimension : H53cm<\/p>\n<p class=\"p\">Traitement de surface : Patine<\/p>","protected":false},"featured_media":581,"template":"","meta":[],"product_cat":[47],"product_tag":[],"class_list":{"0":"post-578","1":"product","2":"type-product","3":"status-publish","4":"has-post-thumbnail","6":"product_cat-bronze-sculpture","8":"first","9":"instock","10":"shipping-taxable","11":"product-type-simple"},"_links":{"self":[{"href":"https:\/\/artvisionsculptures.com\/fr\/wp-json\/wp\/v2\/product\/578","targetHints":{"allow":["GET"]}}],"collection":[{"href":"https:\/\/artvisionsculptures.com\/fr\/wp-json\/wp\/v2\/product"}],"about":[{"href":"https:\/\/artvisionsculptures.com\/fr\/wp-json\/wp\/v2\/types\/product"}],"version-history":[{"count":4,"href":"https:\/\/artvisionsculptures.com\/fr\/wp-json\/wp\/v2\/product\/578\/revisions"}],"predecessor-version":[{"id":1196,"href":"https:\/\/artvisionsculptures.com\/fr\/wp-json\/wp\/v2\/product\/578\/revisions\/1196"}],"wp:featuredmedia":[{"embeddable":true,"href":"https:\/\/artvisionsculptures.com\/fr\/wp-json\/wp\/v2\/media\/581"}],"wp:attachment":[{"href":"https:\/\/artvisionsculptures.com\/fr\/wp-json\/wp\/v2\/media?parent=578"}],"wp:term":[{"taxonomy":"product_cat","embeddable":true,"href":"https:\/\/artvisionsculptures.com\/fr\/wp-json\/wp\/v2\/product_cat?post=578"},{"taxonomy":"product_tag","embeddable":true,"href":"https:\/\/artvisionsculptures.com\/fr\/wp-json\/wp\/v2\/product_tag?post=578"}],"curies":[{"name":"wp","href":"https:\/\/api.w.org\/{rel}","templated":true}]}}