{"id":583,"date":"2022-10-18T09:24:36","date_gmt":"2022-10-18T09:24:36","guid":{"rendered":"http:\/\/artvisionsculptures.com\/?post_type=product&#038;p=583"},"modified":"2024-01-12T08:00:12","modified_gmt":"2024-01-12T08:00:12","slug":"patina-bronze-mocking-bird-sculpture","status":"publish","type":"product","link":"https:\/\/artvisionsculptures.com\/fr\/produit\/patina-bronze-mocking-bird-sculpture\/","title":{"rendered":"Sculpture d'oiseau moqueur en bronze patin\u00e9"},"content":{"rendered":"<div id=\"smv_tem_28_34\" class=\"esmartMargin smartAbs expandFlag\">\n<div class=\"yibuFrameContent tem_28_34 area_Style1\">\n<div class=\"w-container\" data-effect-name=\"enterTop\">\n<div id=\"smc_Area0\" class=\"smAreaC expandFlag\">\n<div id=\"smv_tem_25_25\" class=\"smartRecpt esmartMargin smartAbs\">\n<div class=\"yibuFrameContent tem_25_25 productContentBind_Style1\">\n<div id=\"tem_25_25_txt\" class=\"w-detailcontent\">\n<div class=\"w-detail\">\n<p>Sans visage avec un chapeau et portant des v\u00eatements amples est l'une des principales caract\u00e9ristiques du travail de Huang Yulong, un artiste contemporain chinois. Il s'agit d'une version enfant de la figure avec une touche hip-hop, r\u00e9alis\u00e9e en bronze avec une finition patin\u00e9e sur la surface du corps et une finition en feuille d'or \u00e0 l'int\u00e9rieur du chapeau. Le visage est l\u00e9g\u00e8rement baiss\u00e9 et les mains s'accrochent aux c\u00f4t\u00e9s du pantalon dans une image vive.<\/p>\n<p>La fonte \u00e0 cire perdue est l'une des m\u00e9thodes les plus courantes de fabrication de travaux en m\u00e9tal, ce qui n\u00e9cessite un haut niveau de comp\u00e9tence de la part de l'artisan. Elle se divise en plusieurs \u00e9tapes de production, telles que les moules en argile, les moules en cire, le film en silicone, les coquilles en sable, la fonte du bronze, le versement du bronze en pi\u00e8ces, le refroidissement avant que chaque pi\u00e8ce de la sculpture ne soit assembl\u00e9e et soud\u00e9e selon la forme, puis finement polie pour la finition.<\/p>\n<\/div>\n<\/div>\n<\/div>\n<\/div>\n<\/div>\n<\/div>\n<\/div>\n<\/div>\n<div id=\"smv_tem_26_2\" class=\"esmartMargin smartAbs\">\n<div class=\"yibuFrameContent tem_26_2 fullpageSlide_Style1\">\n<div id=\"lider_smv_tem_26_2_wrapper\">\n<div id=\"slider_smv_tem_26_2\" class=\"w-slide\" data-jssor-slider=\"1\">\n<div>\n<div data-scale-ratio=\"1\">\n<div class=\"w-slide-inner\" data-u=\"slides\"><\/div>\n<\/div>\n<\/div>\n<\/div>\n<\/div>\n<\/div>\n<\/div>","protected":false},"excerpt":{"rendered":"<p><strong>Informations de base :<\/strong><\/p>\n<p>Mat\u00e9riau : Bronze<\/p>\n<p>Dimension : H103cm<\/p>\n<p>Traitement de surface : Patine et feuille d'or<\/p>","protected":false},"featured_media":586,"template":"","meta":[],"product_cat":[47],"product_tag":[],"class_list":{"0":"post-583","1":"product","2":"type-product","3":"status-publish","4":"has-post-thumbnail","6":"product_cat-bronze-sculpture","8":"first","9":"instock","10":"shipping-taxable","11":"product-type-simple"},"_links":{"self":[{"href":"https:\/\/artvisionsculptures.com\/fr\/wp-json\/wp\/v2\/product\/583","targetHints":{"allow":["GET"]}}],"collection":[{"href":"https:\/\/artvisionsculptures.com\/fr\/wp-json\/wp\/v2\/product"}],"about":[{"href":"https:\/\/artvisionsculptures.com\/fr\/wp-json\/wp\/v2\/types\/product"}],"version-history":[{"count":2,"href":"https:\/\/artvisionsculptures.com\/fr\/wp-json\/wp\/v2\/product\/583\/revisions"}],"predecessor-version":[{"id":1103,"href":"https:\/\/artvisionsculptures.com\/fr\/wp-json\/wp\/v2\/product\/583\/revisions\/1103"}],"wp:featuredmedia":[{"embeddable":true,"href":"https:\/\/artvisionsculptures.com\/fr\/wp-json\/wp\/v2\/media\/586"}],"wp:attachment":[{"href":"https:\/\/artvisionsculptures.com\/fr\/wp-json\/wp\/v2\/media?parent=583"}],"wp:term":[{"taxonomy":"product_cat","embeddable":true,"href":"https:\/\/artvisionsculptures.com\/fr\/wp-json\/wp\/v2\/product_cat?post=583"},{"taxonomy":"product_tag","embeddable":true,"href":"https:\/\/artvisionsculptures.com\/fr\/wp-json\/wp\/v2\/product_tag?post=583"}],"curies":[{"name":"wp","href":"https:\/\/api.w.org\/{rel}","templated":true}]}}