{"id":588,"date":"2022-10-12T09:26:11","date_gmt":"2022-10-12T09:26:11","guid":{"rendered":"http:\/\/artvisionsculptures.com\/?post_type=product&#038;p=588"},"modified":"2024-01-15T08:14:12","modified_gmt":"2024-01-15T08:14:12","slug":"casting-metal-sculpture-foundry","status":"publish","type":"product","link":"https:\/\/artvisionsculptures.com\/fr\/produit\/casting-metal-sculpture-foundry\/","title":{"rendered":"Sculpture en bronze sur mon chemin"},"content":{"rendered":"<p>Le bronze est le m\u00e9tal le plus populaire pour les sculptures en m\u00e9tal fondu. Depuis l'Antiquit\u00e9 jusqu'\u00e0 aujourd'hui, il poss\u00e8de une histoire de plusieurs milliers d'ann\u00e9es. Leur r\u00e9sistance et leur ductilit\u00e9 sont un avantage, ce qui permet de personnaliser la forme des sculptures sans \u00eatre limit\u00e9 par la taille ou la forme.<\/p>\n<p>Cette sculpture en bronze a \u00e9t\u00e9 con\u00e7ue par M. Huang Yulong, un jeune artiste c\u00e9l\u00e8bre en Chine. Elle est r\u00e9alis\u00e9e selon la technique traditionnelle de la cire perdue avec une finition en patine. Elle poss\u00e8de un design inhabituel, compos\u00e9 d'un buste humain avec les mains crois\u00e9es, et d'un corps de cheval \u00e0 quatre pattes, appel\u00e9 Sur Mon Chemin. Pr\u00e9parez-vous \u00e0 partir, commencez avec une attitude reconnaissante, marchez dans l'apprentissage, et acqu\u00e9rez des connaissances en marchant.<\/p>","protected":false},"excerpt":{"rendered":"<p><strong>Informations de base :<\/strong><\/p>\n<p>Mat\u00e9riau : Bronze<\/p>\n<p>Dimension : H3\/4m<\/p>\n<p>Traitement de surface : Patine<\/p>","protected":false},"featured_media":591,"template":"","meta":[],"product_cat":[47],"product_tag":[56,57],"class_list":{"0":"post-588","1":"product","2":"type-product","3":"status-publish","4":"has-post-thumbnail","6":"product_cat-bronze-sculpture","7":"product_tag-bronze-sculpture","8":"product_tag-casting-sculpture","10":"first","11":"instock","12":"featured","13":"shipping-taxable","14":"product-type-simple"},"_links":{"self":[{"href":"https:\/\/artvisionsculptures.com\/fr\/wp-json\/wp\/v2\/product\/588","targetHints":{"allow":["GET"]}}],"collection":[{"href":"https:\/\/artvisionsculptures.com\/fr\/wp-json\/wp\/v2\/product"}],"about":[{"href":"https:\/\/artvisionsculptures.com\/fr\/wp-json\/wp\/v2\/types\/product"}],"version-history":[{"count":3,"href":"https:\/\/artvisionsculptures.com\/fr\/wp-json\/wp\/v2\/product\/588\/revisions"}],"predecessor-version":[{"id":1194,"href":"https:\/\/artvisionsculptures.com\/fr\/wp-json\/wp\/v2\/product\/588\/revisions\/1194"}],"wp:featuredmedia":[{"embeddable":true,"href":"https:\/\/artvisionsculptures.com\/fr\/wp-json\/wp\/v2\/media\/591"}],"wp:attachment":[{"href":"https:\/\/artvisionsculptures.com\/fr\/wp-json\/wp\/v2\/media?parent=588"}],"wp:term":[{"taxonomy":"product_cat","embeddable":true,"href":"https:\/\/artvisionsculptures.com\/fr\/wp-json\/wp\/v2\/product_cat?post=588"},{"taxonomy":"product_tag","embeddable":true,"href":"https:\/\/artvisionsculptures.com\/fr\/wp-json\/wp\/v2\/product_tag?post=588"}],"curies":[{"name":"wp","href":"https:\/\/api.w.org\/{rel}","templated":true}]}}