{"id":1257,"date":"2023-11-21T07:35:16","date_gmt":"2023-11-21T07:35:16","guid":{"rendered":"http:\/\/artvisionsculptures.com\/?post_type=product&#038;p=1257"},"modified":"2024-01-15T07:38:23","modified_gmt":"2024-01-15T07:38:23","slug":"modern-brushed-stainless-steel-sculpture","status":"publish","type":"product","link":"https:\/\/artvisionsculptures.com\/it\/prodotto\/modern-brushed-stainless-steel-sculpture\/","title":{"rendered":"Scultura moderna in acciaio inossidabile spazzolato"},"content":{"rendered":"<p>\u00c8 un'opera d'arte progettata dall'artista Wong Yulong in collaborazione con Andy Lau attraverso tecnologia di modellazione 3D. La scultura \u00e8 ora installata in Freespace, West Kowloon Cultural District, Hong Kong. Questa scultura in acciaio inossidabile \u00e8 stata progettata basandosi sull'immagine dell'artista Mr. Andy Lau come ispirazione, l'immagine esprime vividamente il suo fascino personale.<\/p>\n<p>Questa scultura personalizzata in acciaio inossidabile \u00e8 alta 2 metri. Basandosi su un modello 3D, \u00e8 stato stampato un modello in resina 1:1 per la produzione. Poich\u00e9 alcune parti della superficie della scultura presentano pi\u00f9 dettagli, pi\u00f9 difficili da trattare finemente a mano, abbiamo utilizzato una combinazione di processo di fusione e forgiatura manuale per realizzarla. Altri pannelli con superfici relativamente piatte sono stati realizzati mediante processo di forgiatura a mano. Infine, i pannelli realizzati a pezzi sono stati assemblati e saldati insieme. La produzione di sculture in acciaio inossidabile e di sculture in bronzo fuso \u00e8 sostanzialmente la stessa, fatta eccezione per la differenza di materiale, principalmente completata utilizzando il tradizionale processo di fusione a cera persa.<\/p>\n<p>Noi di Artvision sculpture, siamo un produttore e fornitore di sculture in metallo realizzate con processo di forgiatura a mano e fusione a cera persa, con grande esperienza. Soprattutto nella realizzazione di sculture in acciaio inossidabile, bronzo e corten. Se desideri sapere di pi\u00f9 sulle sculture personalizzate, non esitare a contattarci.<\/p>","protected":false},"excerpt":{"rendered":"<p><strong>Informazioni di base:<\/strong><\/p>\n<p>Materiale: acciaio inossidabile 316L<\/p>\n<p>Dimensione: H200cm(6.6ft)<\/p>\n<p>Trattamento superficiale: Spazzolato<\/p>","protected":false},"featured_media":1263,"template":"","meta":[],"product_cat":[46],"product_tag":[],"class_list":{"0":"post-1257","1":"product","2":"type-product","3":"status-publish","4":"has-post-thumbnail","6":"product_cat-stainless-steel-sculpture","8":"first","9":"instock","10":"shipping-taxable","11":"product-type-simple"},"_links":{"self":[{"href":"https:\/\/artvisionsculptures.com\/it\/wp-json\/wp\/v2\/product\/1257","targetHints":{"allow":["GET"]}}],"collection":[{"href":"https:\/\/artvisionsculptures.com\/it\/wp-json\/wp\/v2\/product"}],"about":[{"href":"https:\/\/artvisionsculptures.com\/it\/wp-json\/wp\/v2\/types\/product"}],"version-history":[{"count":1,"href":"https:\/\/artvisionsculptures.com\/it\/wp-json\/wp\/v2\/product\/1257\/revisions"}],"predecessor-version":[{"id":1265,"href":"https:\/\/artvisionsculptures.com\/it\/wp-json\/wp\/v2\/product\/1257\/revisions\/1265"}],"wp:featuredmedia":[{"embeddable":true,"href":"https:\/\/artvisionsculptures.com\/it\/wp-json\/wp\/v2\/media\/1263"}],"wp:attachment":[{"href":"https:\/\/artvisionsculptures.com\/it\/wp-json\/wp\/v2\/media?parent=1257"}],"wp:term":[{"taxonomy":"product_cat","embeddable":true,"href":"https:\/\/artvisionsculptures.com\/it\/wp-json\/wp\/v2\/product_cat?post=1257"},{"taxonomy":"product_tag","embeddable":true,"href":"https:\/\/artvisionsculptures.com\/it\/wp-json\/wp\/v2\/product_tag?post=1257"}],"curies":[{"name":"wp","href":"https:\/\/api.w.org\/{rel}","templated":true}]}}