{"id":1266,"date":"2023-10-31T07:38:30","date_gmt":"2023-10-31T07:38:30","guid":{"rendered":"http:\/\/artvisionsculptures.com\/?post_type=product&#038;p=1266"},"modified":"2024-01-15T07:52:10","modified_gmt":"2024-01-15T07:52:10","slug":"coating-ox-figure-fiberglass-art-sculpture","status":"publish","type":"product","link":"https:\/\/artvisionsculptures.com\/it\/prodotto\/coating-ox-figure-fiberglass-art-sculpture\/","title":{"rendered":"Scultura artistica in fibra di vetro con rivestimento OX Figure"},"content":{"rendered":"<p>La fibra di vetro pu\u00f2 essere utilizzata per realizzare sculture di varie forme e dimensioni con un alto grado di libert\u00e0 progettuale. Inoltre, pu\u00f2 resistere agli effetti dei raggi UV, vento, pioggia e altri ambienti naturali, e ha una buona resistenza alle intemperie. Inoltre, il processo di produzione della scultura in fibra di vetro \u00e8 relativamente breve e leggero, il che rende facile il trasporto e l'installazione sul posto.<\/p>\n<p>Questa figura di cartone OX \u00e8 uno dei importanti capolavori artistici dell'artista Andy Lau. La scultura \u00e8 composta da figure di OX e da una lampada a forma di luna, che sono saldamente assemblate tra loro mediante flange in acciaio inossidabile 304 con bulloni. L'intera opera d'arte \u00e8 realizzata in fibra di vetro e tessuto, ed \u00e8 installata all'aperto e esposta nello Spazio Libero del Distretto Culturale di West Kowloon a Hong Kong.<\/p>","protected":false},"excerpt":{"rendered":"<p><strong>Informazioni di base:<\/strong><\/p>\n<p>Materiale: Fibra di vetro e tessuto<\/p>\n<p>Dimensione: H250cm(8,2ft)<\/p>\n<p>Trattamento superficiale: Verniciatura<\/p>","protected":false},"featured_media":1272,"template":"","meta":[],"product_cat":[49],"product_tag":[],"class_list":{"0":"post-1266","1":"product","2":"type-product","3":"status-publish","4":"has-post-thumbnail","6":"product_cat-fiberglass-sculpture","8":"first","9":"instock","10":"shipping-taxable","11":"product-type-simple"},"_links":{"self":[{"href":"https:\/\/artvisionsculptures.com\/it\/wp-json\/wp\/v2\/product\/1266","targetHints":{"allow":["GET"]}}],"collection":[{"href":"https:\/\/artvisionsculptures.com\/it\/wp-json\/wp\/v2\/product"}],"about":[{"href":"https:\/\/artvisionsculptures.com\/it\/wp-json\/wp\/v2\/types\/product"}],"version-history":[{"count":2,"href":"https:\/\/artvisionsculptures.com\/it\/wp-json\/wp\/v2\/product\/1266\/revisions"}],"predecessor-version":[{"id":1273,"href":"https:\/\/artvisionsculptures.com\/it\/wp-json\/wp\/v2\/product\/1266\/revisions\/1273"}],"wp:featuredmedia":[{"embeddable":true,"href":"https:\/\/artvisionsculptures.com\/it\/wp-json\/wp\/v2\/media\/1272"}],"wp:attachment":[{"href":"https:\/\/artvisionsculptures.com\/it\/wp-json\/wp\/v2\/media?parent=1266"}],"wp:term":[{"taxonomy":"product_cat","embeddable":true,"href":"https:\/\/artvisionsculptures.com\/it\/wp-json\/wp\/v2\/product_cat?post=1266"},{"taxonomy":"product_tag","embeddable":true,"href":"https:\/\/artvisionsculptures.com\/it\/wp-json\/wp\/v2\/product_tag?post=1266"}],"curies":[{"name":"wp","href":"https:\/\/api.w.org\/{rel}","templated":true}]}}