{"id":1286,"date":"2023-07-12T07:53:57","date_gmt":"2023-07-12T07:53:57","guid":{"rendered":"http:\/\/artvisionsculptures.com\/?post_type=product&#038;p=1286"},"modified":"2024-01-15T07:57:06","modified_gmt":"2024-01-15T07:57:06","slug":"spray-painting-and-drawing-stainless-steel-sculpture","status":"publish","type":"product","link":"https:\/\/artvisionsculptures.com\/it\/prodotto\/spray-painting-and-drawing-stainless-steel-sculpture\/","title":{"rendered":"Scultura in Acciaio Inox Verniciato a Spruzzo e Disegnato"},"content":{"rendered":"<p>Questa scultura dipinta \u00e8 una delle espressioni artistiche dell'artista. Questa scultura in acciaio \u00e8 un'altra opera rappresentativa del giovane artista contemporaneo Luo Dan. L'intera scultura \u00e8 realizzata in acciaio inossidabile 316L, con vernice e decorazioni colorate sulla superficie, e si erge a un'altezza di un metro.<\/p>\n<p>La scultura \u00e8 stata creata utilizzando il processo di forgiatura a mano. Ha attraversato fasi come la modellatura, il taglio dei pannelli, la forgiatura a mano, la saldatura, l'assemblaggio, la lucidatura e il trattamento superficiale per completare questa raffinata scultura in acciaio inossidabile. La forgiatura a mano \u00e8 una tecnica tradizionale di lavorazione dei metalli che consiste nel riscaldare il materiale metallico alla sua temperatura di plasticit\u00e0 e modellarlo con strumenti come martelli e incudini.<\/p>","protected":false},"excerpt":{"rendered":"<p><strong>Informazioni di base:<\/strong><\/p>\n<p>Materiale: acciaio inossidabile 316L<\/p>\n<p>Dimensione: H100cm<\/p>\n<p>Trattamento superficiale: verniciatura a spruzzo e disegno<\/p>","protected":false},"featured_media":1287,"template":"","meta":[],"product_cat":[46],"product_tag":[],"class_list":{"0":"post-1286","1":"product","2":"type-product","3":"status-publish","4":"has-post-thumbnail","6":"product_cat-stainless-steel-sculpture","8":"first","9":"instock","10":"shipping-taxable","11":"product-type-simple"},"_links":{"self":[{"href":"https:\/\/artvisionsculptures.com\/it\/wp-json\/wp\/v2\/product\/1286","targetHints":{"allow":["GET"]}}],"collection":[{"href":"https:\/\/artvisionsculptures.com\/it\/wp-json\/wp\/v2\/product"}],"about":[{"href":"https:\/\/artvisionsculptures.com\/it\/wp-json\/wp\/v2\/types\/product"}],"version-history":[{"count":1,"href":"https:\/\/artvisionsculptures.com\/it\/wp-json\/wp\/v2\/product\/1286\/revisions"}],"predecessor-version":[{"id":1297,"href":"https:\/\/artvisionsculptures.com\/it\/wp-json\/wp\/v2\/product\/1286\/revisions\/1297"}],"wp:featuredmedia":[{"embeddable":true,"href":"https:\/\/artvisionsculptures.com\/it\/wp-json\/wp\/v2\/media\/1287"}],"wp:attachment":[{"href":"https:\/\/artvisionsculptures.com\/it\/wp-json\/wp\/v2\/media?parent=1286"}],"wp:term":[{"taxonomy":"product_cat","embeddable":true,"href":"https:\/\/artvisionsculptures.com\/it\/wp-json\/wp\/v2\/product_cat?post=1286"},{"taxonomy":"product_tag","embeddable":true,"href":"https:\/\/artvisionsculptures.com\/it\/wp-json\/wp\/v2\/product_tag?post=1286"}],"curies":[{"name":"wp","href":"https:\/\/api.w.org\/{rel}","templated":true}]}}