{"id":1300,"date":"2023-05-23T07:59:33","date_gmt":"2023-05-23T07:59:33","guid":{"rendered":"http:\/\/artvisionsculptures.com\/?post_type=product&#038;p=1300"},"modified":"2024-01-15T08:04:28","modified_gmt":"2024-01-15T08:04:28","slug":"patina-stainless-steel-whale-sculpture","status":"publish","type":"product","link":"https:\/\/artvisionsculptures.com\/it\/prodotto\/patina-stainless-steel-whale-sculpture\/","title":{"rendered":"Scultura in Acciaio Inossidabile Patinato con Balena"},"content":{"rendered":"<p>Questa scultura di balena \u00e8 alta 3,5 metri ed \u00e8 realizzata in acciaio inossidabile 316L. \u00c8 installata in Italia. Sono presenti due trattamenti superficiali di lucidatura a specchio e patina, creando un forte contrasto e mettendo in risalto la texture e le linee della balena. I pannelli in acciaio inossidabile sono stati tagliati in forme eleganti con taglio laser secondo il design dell'artista, rendendo la balena pi\u00f9 aggraziata e agile. La grande balena \u00e8 circondata da due piccole balene e due subacquei, rappresentando vividamente un bellissimo mondo sottomarino.<\/p>\n<p>Per creare una scultura di balena di questo tipo, abbiamo utilizzato il processo di forgiatura manuale per garantire che le linee della scultura fossero piatte e lisce. Innanzitutto, \u00e8 stato realizzato un modello in schiuma rigida 1:1 secondo il design. Poi, i pannelli tagliati sono stati accuratamente forgiati nella forma appropriata, e ogni pannello \u00e8 stato assemblato e saldato con cura. Poich\u00e9 la scultura \u00e8 cava, anche i pannelli interni sono visibili, quindi il lavoro di saldatura e lucidatura doveva essere molto preciso per garantire la perfezione della scultura.<\/p>\n<p>&nbsp;<\/p>","protected":false},"excerpt":{"rendered":"<p><strong>Informazioni di base:<\/strong><\/p>\n<p>Materiale: acciaio inossidabile 316L<\/p>\n<p>Dimensione: H200cm(H6.6ft)<\/p>\n<p>Trattamento superficiale: lucidatura a specchio e patina<\/p>\n<p>&nbsp;<\/p>","protected":false},"featured_media":1308,"template":"","meta":[],"product_cat":[46],"product_tag":[],"class_list":{"0":"post-1300","1":"product","2":"type-product","3":"status-publish","4":"has-post-thumbnail","6":"product_cat-stainless-steel-sculpture","8":"first","9":"instock","10":"shipping-taxable","11":"product-type-simple"},"_links":{"self":[{"href":"https:\/\/artvisionsculptures.com\/it\/wp-json\/wp\/v2\/product\/1300","targetHints":{"allow":["GET"]}}],"collection":[{"href":"https:\/\/artvisionsculptures.com\/it\/wp-json\/wp\/v2\/product"}],"about":[{"href":"https:\/\/artvisionsculptures.com\/it\/wp-json\/wp\/v2\/types\/product"}],"version-history":[{"count":1,"href":"https:\/\/artvisionsculptures.com\/it\/wp-json\/wp\/v2\/product\/1300\/revisions"}],"predecessor-version":[{"id":1307,"href":"https:\/\/artvisionsculptures.com\/it\/wp-json\/wp\/v2\/product\/1300\/revisions\/1307"}],"wp:featuredmedia":[{"embeddable":true,"href":"https:\/\/artvisionsculptures.com\/it\/wp-json\/wp\/v2\/media\/1308"}],"wp:attachment":[{"href":"https:\/\/artvisionsculptures.com\/it\/wp-json\/wp\/v2\/media?parent=1300"}],"wp:term":[{"taxonomy":"product_cat","embeddable":true,"href":"https:\/\/artvisionsculptures.com\/it\/wp-json\/wp\/v2\/product_cat?post=1300"},{"taxonomy":"product_tag","embeddable":true,"href":"https:\/\/artvisionsculptures.com\/it\/wp-json\/wp\/v2\/product_tag?post=1300"}],"curies":[{"name":"wp","href":"https:\/\/api.w.org\/{rel}","templated":true}]}}