{"id":1341,"date":"2023-08-08T08:27:55","date_gmt":"2023-08-08T08:27:55","guid":{"rendered":"http:\/\/artvisionsculptures.com\/?post_type=product&#038;p=1341"},"modified":"2024-01-15T08:37:07","modified_gmt":"2024-01-15T08:37:07","slug":"spray-painting-stainless-steel-tower-sculpture","status":"publish","type":"product","link":"https:\/\/artvisionsculptures.com\/it\/prodotto\/spray-painting-stainless-steel-tower-sculpture\/","title":{"rendered":"Scultura Torre in Acciaio Inox Verniciata a Spruzzo"},"content":{"rendered":"<p class=\"p\">La torre alta, uno degli edifici simbolo della citt\u00e0, pu\u00f2 essere vista da grande distanza. \u00c8 una scultura realizzata in acciaio inossidabile 316L con finitura laccata, alta 15 m.<\/p>\n<p class=\"p\">L'acciaio inossidabile \u00e8 sempre pi\u00f9 popolare per l'arte pubblica, sculture e elementi esterni poich\u00e9 pu\u00f2 essere saldato, forgiato, piegato e rifinito con molte finiture superficiali diverse, come lucido a specchio, elettroplaccato, opaco e verniciato.<\/p>\n<p class=\"p\">Il pi\u00f9 grande vantaggio dell'acciaio inossidabile \u00e8 la sua alta resistenza alle alte temperature e alla corrosione. Rimane senza ruggine dopo lunghi periodi di esposizione alla pioggia, quindi pu\u00f2 durare fino a 100 anni. \u00c8 disponibile in diversi gradi, come 304 e 316, entrambi spesso utilizzati.<\/p>","protected":false},"excerpt":{"rendered":"<p class=\"p\"><strong><span class=\"15\">Informazioni di base:<\/span><\/strong><\/p>\n<p class=\"p\">Materiale: Acciaio inossidabile 316L<\/p>\n<p class=\"p\">Dimensione: H15m<\/p>\n<p class=\"p\">Trattamento Superficiale: Verniciatura a Spruzzo<\/p>","protected":false},"featured_media":1342,"template":"","meta":[],"product_cat":[46],"product_tag":[],"class_list":{"0":"post-1341","1":"product","2":"type-product","3":"status-publish","4":"has-post-thumbnail","6":"product_cat-stainless-steel-sculpture","8":"first","9":"instock","10":"shipping-taxable","11":"product-type-simple"},"_links":{"self":[{"href":"https:\/\/artvisionsculptures.com\/it\/wp-json\/wp\/v2\/product\/1341","targetHints":{"allow":["GET"]}}],"collection":[{"href":"https:\/\/artvisionsculptures.com\/it\/wp-json\/wp\/v2\/product"}],"about":[{"href":"https:\/\/artvisionsculptures.com\/it\/wp-json\/wp\/v2\/types\/product"}],"version-history":[{"count":1,"href":"https:\/\/artvisionsculptures.com\/it\/wp-json\/wp\/v2\/product\/1341\/revisions"}],"predecessor-version":[{"id":1349,"href":"https:\/\/artvisionsculptures.com\/it\/wp-json\/wp\/v2\/product\/1341\/revisions\/1349"}],"wp:featuredmedia":[{"embeddable":true,"href":"https:\/\/artvisionsculptures.com\/it\/wp-json\/wp\/v2\/media\/1342"}],"wp:attachment":[{"href":"https:\/\/artvisionsculptures.com\/it\/wp-json\/wp\/v2\/media?parent=1341"}],"wp:term":[{"taxonomy":"product_cat","embeddable":true,"href":"https:\/\/artvisionsculptures.com\/it\/wp-json\/wp\/v2\/product_cat?post=1341"},{"taxonomy":"product_tag","embeddable":true,"href":"https:\/\/artvisionsculptures.com\/it\/wp-json\/wp\/v2\/product_tag?post=1341"}],"curies":[{"name":"wp","href":"https:\/\/api.w.org\/{rel}","templated":true}]}}