{"id":1350,"date":"2023-09-17T06:48:12","date_gmt":"2023-09-17T06:48:12","guid":{"rendered":"http:\/\/artvisionsculptures.com\/?post_type=product&#038;p=1350"},"modified":"2024-01-16T06:57:37","modified_gmt":"2024-01-16T06:57:37","slug":"gold-leaf-bronze-hulu-figure-sculpture","status":"publish","type":"product","link":"https:\/\/artvisionsculptures.com\/it\/prodotto\/gold-leaf-bronze-hulu-figure-sculpture\/","title":{"rendered":"Statua in bronzo con foglia d'oro Hulu"},"content":{"rendered":"<p class=\"p\">La figura di un adulto che porta un bambino sulle spalle, con le mani delicatamente toccandosi, come se fosse assorto nei pensieri. La scultura complessiva \u00e8 realizzata in bronzo con una finitura in foglia d'oro che brilla e scintilla.<\/p>\n<p>Quest'opera \u00e8 dell'artista Huang Yulong ed \u00e8 chiamata Hulu, che \u00e8 la pronuncia cinese per zucca. \u00c8 una pianta che pu\u00f2 essere mangiata come verdura prima della maturazione. La scorza della zucca pu\u00f2 anche essere usata come contenitore quando essiccata. Nella cultura cinese, Hulu si pronuncia in modo simile a Fu Lu, quindi le persone spesso lo usano come augurio di buona fortuna e successo.<\/p>","protected":false},"excerpt":{"rendered":"<p class=\"p\"><strong><span class=\"15\">Informazioni di base:<\/span><\/strong><\/p>\n<p class=\"p\">Materiale: Bronzo<\/p>\n<p class=\"p\">Dimensione: H100cm<\/p>\n<p class=\"p\">Trattamento superficiale: Foglia d'oro<\/p>\n<p class=\"p\">","protected":false},"featured_media":1360,"template":"","meta":[],"product_cat":[47],"product_tag":[],"class_list":{"0":"post-1350","1":"product","2":"type-product","3":"status-publish","4":"has-post-thumbnail","6":"product_cat-bronze-sculpture","8":"first","9":"instock","10":"shipping-taxable","11":"product-type-simple"},"_links":{"self":[{"href":"https:\/\/artvisionsculptures.com\/it\/wp-json\/wp\/v2\/product\/1350","targetHints":{"allow":["GET"]}}],"collection":[{"href":"https:\/\/artvisionsculptures.com\/it\/wp-json\/wp\/v2\/product"}],"about":[{"href":"https:\/\/artvisionsculptures.com\/it\/wp-json\/wp\/v2\/types\/product"}],"version-history":[{"count":1,"href":"https:\/\/artvisionsculptures.com\/it\/wp-json\/wp\/v2\/product\/1350\/revisions"}],"predecessor-version":[{"id":1356,"href":"https:\/\/artvisionsculptures.com\/it\/wp-json\/wp\/v2\/product\/1350\/revisions\/1356"}],"wp:featuredmedia":[{"embeddable":true,"href":"https:\/\/artvisionsculptures.com\/it\/wp-json\/wp\/v2\/media\/1360"}],"wp:attachment":[{"href":"https:\/\/artvisionsculptures.com\/it\/wp-json\/wp\/v2\/media?parent=1350"}],"wp:term":[{"taxonomy":"product_cat","embeddable":true,"href":"https:\/\/artvisionsculptures.com\/it\/wp-json\/wp\/v2\/product_cat?post=1350"},{"taxonomy":"product_tag","embeddable":true,"href":"https:\/\/artvisionsculptures.com\/it\/wp-json\/wp\/v2\/product_tag?post=1350"}],"curies":[{"name":"wp","href":"https:\/\/api.w.org\/{rel}","templated":true}]}}