{"id":1362,"date":"2023-06-24T06:58:46","date_gmt":"2023-06-24T06:58:46","guid":{"rendered":"http:\/\/artvisionsculptures.com\/?post_type=product&#038;p=1362"},"modified":"2024-01-16T07:04:18","modified_gmt":"2024-01-16T07:04:18","slug":"abstract-bronze-figure-sculpture-with-patina-finish","status":"publish","type":"product","link":"https:\/\/artvisionsculptures.com\/it\/prodotto\/abstract-bronze-figure-sculpture-with-patina-finish\/","title":{"rendered":"Scultura astratta in bronzo con finitura in patina"},"content":{"rendered":"<p>L'arte spesso nasce dalla vita e gli artisti spesso utilizzano sculture astratte per riflettere le loro aspirazioni interiori e le realt\u00e0 psicologiche. Questa \u00e8 una figura astratta realizzata in bronzo, alta 2 metri, con una base scalettata nella parte inferiore. Quest'opera \u00e8 opera del giovane artista moderno Huang Yulong, il cui lavoro \u00e8 popolare e collezionato da molti clienti sia in patria che all'estero.<\/p>\n<p>\u00c8 notevole per il trattamento della patina applicato sulla sua superficie, una rivoluzione nell'arte recente. L'emergere di questo processo ha davvero portato la scultura in bronzo nell'era del colore. Rende la superficie della scultura in bronzo ricca di colore e liscia nei motivi a scroll, una svolta nel concetto tradizionale, portando nuova vita alla superficie della scultura in bronzo.<\/p>","protected":false},"excerpt":{"rendered":"<p class=\"p\"><strong><span class=\"15\">Informazioni di base:<\/span><\/strong><\/p>\n<p class=\"p\">Materiale: Bronzo<\/p>\n<p class=\"p\">Dimensione: H200cm<\/p>\n<p class=\"p\">Trattamento superficiale: Patina e lucidatura<\/p>","protected":false},"featured_media":1366,"template":"","meta":[],"product_cat":[47],"product_tag":[],"class_list":{"0":"post-1362","1":"product","2":"type-product","3":"status-publish","4":"has-post-thumbnail","6":"product_cat-bronze-sculpture","8":"first","9":"instock","10":"shipping-taxable","11":"product-type-simple"},"_links":{"self":[{"href":"https:\/\/artvisionsculptures.com\/it\/wp-json\/wp\/v2\/product\/1362","targetHints":{"allow":["GET"]}}],"collection":[{"href":"https:\/\/artvisionsculptures.com\/it\/wp-json\/wp\/v2\/product"}],"about":[{"href":"https:\/\/artvisionsculptures.com\/it\/wp-json\/wp\/v2\/types\/product"}],"version-history":[{"count":1,"href":"https:\/\/artvisionsculptures.com\/it\/wp-json\/wp\/v2\/product\/1362\/revisions"}],"predecessor-version":[{"id":1367,"href":"https:\/\/artvisionsculptures.com\/it\/wp-json\/wp\/v2\/product\/1362\/revisions\/1367"}],"wp:featuredmedia":[{"embeddable":true,"href":"https:\/\/artvisionsculptures.com\/it\/wp-json\/wp\/v2\/media\/1366"}],"wp:attachment":[{"href":"https:\/\/artvisionsculptures.com\/it\/wp-json\/wp\/v2\/media?parent=1362"}],"wp:term":[{"taxonomy":"product_cat","embeddable":true,"href":"https:\/\/artvisionsculptures.com\/it\/wp-json\/wp\/v2\/product_cat?post=1362"},{"taxonomy":"product_tag","embeddable":true,"href":"https:\/\/artvisionsculptures.com\/it\/wp-json\/wp\/v2\/product_tag?post=1362"}],"curies":[{"name":"wp","href":"https:\/\/api.w.org\/{rel}","templated":true}]}}