{"id":1375,"date":"2023-03-17T07:09:37","date_gmt":"2023-03-17T07:09:37","guid":{"rendered":"http:\/\/artvisionsculptures.com\/?post_type=product&#038;p=1375"},"modified":"2024-01-16T07:13:24","modified_gmt":"2024-01-16T07:13:24","slug":"standing-polishing-bronze-wukong-sculpture","status":"publish","type":"product","link":"https:\/\/artvisionsculptures.com\/it\/prodotto\/standing-polishing-bronze-wukong-sculpture\/","title":{"rendered":"Statua in bronzo lucidata in piedi Wukong"},"content":{"rendered":"<p class=\"p\">Questa scultura senza volto \u00e8 una delle nuove opere dell'artista Huang Yulong. \u00c8 chiamata Wukong, che ha stretto il pugno, con uno sguardo pieno di energia. La sua altezza \u00e8 di 93 cm. L'intera scultura \u00e8 realizzata in bronzo, con finiture sia lucide che a patina. La stessa cosa \u00e8 che l'interno del cappello \u00e8 trattato con foglia d'oro, che crea un forte contrasto. Inoltre, alla base della scultura c'\u00e8 una base in acciaio inossidabile.<\/p>\n<p>La scultura in bronzo ha una storia di migliaia di anni, ma al giorno d'oggi, il bronzo viene spesso utilizzato anche per creare immagini artistiche moderne. Per quanto riguarda il processo di produzione, si utilizza ancora il tradizionale processo di fusione a cera persa, partendo da una scultura in argilla o da un modello 3D, passando per la creazione dello stampo in cera, la fusione del rame e la colata passo dopo passo, che richiede le abilit\u00e0 eccelse del maestro. Naturalmente, le fasi successive di assemblaggio, saldatura e lucidatura sono tutte molto importanti, specialmente dove ci sono molti dettagli, tutte fasi che non possono essere trascurate nella realizzazione di una scultura in bronzo di alta qualit\u00e0.<\/p>","protected":false},"excerpt":{"rendered":"<p class=\"p\"><strong><span class=\"15\">Informazioni di base:<\/span><\/strong><\/p>\n<p class=\"p\">Materiale: Bronzo<\/p>\n<p class=\"p\">Dimensione: H93cm<\/p>\n<p class=\"p\">Trattamento superficiale: Patina\/Polish e Foglia d'oro<\/p>","protected":false},"featured_media":1380,"template":"","meta":[],"product_cat":[47],"product_tag":[],"class_list":{"0":"post-1375","1":"product","2":"type-product","3":"status-publish","4":"has-post-thumbnail","6":"product_cat-bronze-sculpture","8":"first","9":"instock","10":"shipping-taxable","11":"product-type-simple"},"_links":{"self":[{"href":"https:\/\/artvisionsculptures.com\/it\/wp-json\/wp\/v2\/product\/1375","targetHints":{"allow":["GET"]}}],"collection":[{"href":"https:\/\/artvisionsculptures.com\/it\/wp-json\/wp\/v2\/product"}],"about":[{"href":"https:\/\/artvisionsculptures.com\/it\/wp-json\/wp\/v2\/types\/product"}],"version-history":[{"count":1,"href":"https:\/\/artvisionsculptures.com\/it\/wp-json\/wp\/v2\/product\/1375\/revisions"}],"predecessor-version":[{"id":1382,"href":"https:\/\/artvisionsculptures.com\/it\/wp-json\/wp\/v2\/product\/1375\/revisions\/1382"}],"wp:featuredmedia":[{"embeddable":true,"href":"https:\/\/artvisionsculptures.com\/it\/wp-json\/wp\/v2\/media\/1380"}],"wp:attachment":[{"href":"https:\/\/artvisionsculptures.com\/it\/wp-json\/wp\/v2\/media?parent=1375"}],"wp:term":[{"taxonomy":"product_cat","embeddable":true,"href":"https:\/\/artvisionsculptures.com\/it\/wp-json\/wp\/v2\/product_cat?post=1375"},{"taxonomy":"product_tag","embeddable":true,"href":"https:\/\/artvisionsculptures.com\/it\/wp-json\/wp\/v2\/product_tag?post=1375"}],"curies":[{"name":"wp","href":"https:\/\/api.w.org\/{rel}","templated":true}]}}