{"id":1389,"date":"2023-08-19T07:18:52","date_gmt":"2023-08-19T07:18:52","guid":{"rendered":"http:\/\/artvisionsculptures.com\/?post_type=product&#038;p=1389"},"modified":"2024-01-16T07:24:59","modified_gmt":"2024-01-16T07:24:59","slug":"gold-leaf-bronze-breathe-statue","status":"publish","type":"product","link":"https:\/\/artvisionsculptures.com\/it\/prodotto\/gold-leaf-bronze-breathe-statue\/","title":{"rendered":"Statua in bronzo con foglia d'oro Breathe"},"content":{"rendered":"<p>Quest'uomo sta fumando, sembra rilassato e a suo agio. Si appoggia leggermente sulla recinzione con un atteggiamento sregolato. Questa scultura in bronzo \u00e8 stata progettata da un artista talentuoso, il signor Huang Yulong, ed \u00e8 uno dei pezzi originali d'arte da lui realizzati. Il processo di produzione viene eseguito con il nostro consueto metodo di fusione a cera persa. \u00c8 realizzata in bronzo, con una finitura in patina. Col tempo, la sua superficie cambier\u00e0 gradualmente entrando in contatto con acqua e ossigeno nell'aria, conferendole un aspetto pi\u00f9 naturale.<\/p>","protected":false},"excerpt":{"rendered":"<p><strong>Informazioni di base:<\/strong><\/p>\n<p>Materiale: Bronzo<\/p>\n<p>Dimensione: H192cm<\/p>\n<p>Trattamento superficiale: Patina e foglia d'oro<\/p>","protected":false},"featured_media":1391,"template":"","meta":[],"product_cat":[47],"product_tag":[],"class_list":{"0":"post-1389","1":"product","2":"type-product","3":"status-publish","4":"has-post-thumbnail","6":"product_cat-bronze-sculpture","8":"first","9":"instock","10":"shipping-taxable","11":"product-type-simple"},"_links":{"self":[{"href":"https:\/\/artvisionsculptures.com\/it\/wp-json\/wp\/v2\/product\/1389","targetHints":{"allow":["GET"]}}],"collection":[{"href":"https:\/\/artvisionsculptures.com\/it\/wp-json\/wp\/v2\/product"}],"about":[{"href":"https:\/\/artvisionsculptures.com\/it\/wp-json\/wp\/v2\/types\/product"}],"version-history":[{"count":1,"href":"https:\/\/artvisionsculptures.com\/it\/wp-json\/wp\/v2\/product\/1389\/revisions"}],"predecessor-version":[{"id":1395,"href":"https:\/\/artvisionsculptures.com\/it\/wp-json\/wp\/v2\/product\/1389\/revisions\/1395"}],"wp:featuredmedia":[{"embeddable":true,"href":"https:\/\/artvisionsculptures.com\/it\/wp-json\/wp\/v2\/media\/1391"}],"wp:attachment":[{"href":"https:\/\/artvisionsculptures.com\/it\/wp-json\/wp\/v2\/media?parent=1389"}],"wp:term":[{"taxonomy":"product_cat","embeddable":true,"href":"https:\/\/artvisionsculptures.com\/it\/wp-json\/wp\/v2\/product_cat?post=1389"},{"taxonomy":"product_tag","embeddable":true,"href":"https:\/\/artvisionsculptures.com\/it\/wp-json\/wp\/v2\/product_tag?post=1389"}],"curies":[{"name":"wp","href":"https:\/\/api.w.org\/{rel}","templated":true}]}}