{"id":1405,"date":"2022-10-14T07:36:18","date_gmt":"2022-10-14T07:36:18","guid":{"rendered":"http:\/\/artvisionsculptures.com\/?post_type=product&#038;p=1405"},"modified":"2024-01-16T07:39:43","modified_gmt":"2024-01-16T07:39:43","slug":"stainless-steel-the-top-dog-sculpture","status":"publish","type":"product","link":"https:\/\/artvisionsculptures.com\/it\/prodotto\/stainless-steel-the-top-dog-sculpture\/","title":{"rendered":"Scultura del Cane in Acciaio Inox"},"content":{"rendered":"<div id=\"smv_tem_28_34\" class=\"esmartMargin smartAbs  expandFlag\">\n<div class=\"yibuFrameContent tem_28_34  area_Style1\">\n<div class=\"w-container\" data-effect-name=\"enterTop\">\n<div id=\"smc_Area0\" class=\"smAreaC expandFlag\">\n<div id=\"smv_tem_25_25\" class=\"smartRecpt esmartMargin smartAbs\">\n<div class=\"yibuFrameContent tem_25_25  productContentBind_Style1\">\n<div id=\"tem_25_25_txt\" class=\"w-detailcontent\">\n<div class=\"w-detail\">\n<p>Quando la cultura della moda si combina con l'acciaio inossidabile, porta un impatto visivo diverso. Questa scultura figura \u00e8 realizzata in acciaio inossidabile 304 con funzionalit\u00e0 ed estetica, e la sua superficie ha una finitura opaca in un'altezza di 5 metri, ed \u00e8 installata sul tetto di un negozio di tendenza del marchio a Chengdu, Cina. Osservando da una distanza elevata, sembra riflessiva. Questa scultura figura \u00e8 una delle opere rappresentative del signor Huang Yulong, un giovane artista talentuoso in Cina. \u00c8 chiamata \u201cIl Capo\u201d. Per lui, la cultura hip-hop espressa nelle sue opere \u00e8 pi\u00f9 uno stile di vita che una semplice tendenza straniera cercata dalla generazione pi\u00f9 giovane in Cina. Crede che la cultura hip-hop sia caratterizzata da energia, forza, purezza, sensualit\u00e0, libert\u00e0 e coraggio.<\/p>\n<\/div>\n<\/div>\n<\/div>\n<\/div>\n<\/div>\n<\/div>\n<\/div>\n<\/div>\n<div id=\"smv_tem_26_2\" class=\"esmartMargin smartAbs\">\n<div class=\"yibuFrameContent tem_26_2  fullpageSlide_Style1\">\n<div id=\"lider_smv_tem_26_2_wrapper\">\n<div id=\"slider_smv_tem_26_2\" class=\"w-slide\" data-jssor-slider=\"1\">\n<div>\n<div data-scale-ratio=\"1\">\n<div class=\"w-slide-inner\" data-u=\"slides\"><\/div>\n<\/div>\n<\/div>\n<\/div>\n<\/div>\n<\/div>\n<\/div>","protected":false},"excerpt":{"rendered":"<p><strong>Informazioni di base:<\/strong><\/p>\n<p>Materiale: acciaio inossidabile 304<\/p>\n<p>Dimensione: H5 metri<\/p>\n<p>Trattamento superficiale: opaco<\/p>\n<p>&nbsp;<\/p>","protected":false},"featured_media":1413,"template":"","meta":[],"product_cat":[46],"product_tag":[],"class_list":{"0":"post-1405","1":"product","2":"type-product","3":"status-publish","4":"has-post-thumbnail","6":"product_cat-stainless-steel-sculpture","8":"first","9":"instock","10":"shipping-taxable","11":"product-type-simple"},"_links":{"self":[{"href":"https:\/\/artvisionsculptures.com\/it\/wp-json\/wp\/v2\/product\/1405","targetHints":{"allow":["GET"]}}],"collection":[{"href":"https:\/\/artvisionsculptures.com\/it\/wp-json\/wp\/v2\/product"}],"about":[{"href":"https:\/\/artvisionsculptures.com\/it\/wp-json\/wp\/v2\/types\/product"}],"version-history":[{"count":1,"href":"https:\/\/artvisionsculptures.com\/it\/wp-json\/wp\/v2\/product\/1405\/revisions"}],"predecessor-version":[{"id":1414,"href":"https:\/\/artvisionsculptures.com\/it\/wp-json\/wp\/v2\/product\/1405\/revisions\/1414"}],"wp:featuredmedia":[{"embeddable":true,"href":"https:\/\/artvisionsculptures.com\/it\/wp-json\/wp\/v2\/media\/1413"}],"wp:attachment":[{"href":"https:\/\/artvisionsculptures.com\/it\/wp-json\/wp\/v2\/media?parent=1405"}],"wp:term":[{"taxonomy":"product_cat","embeddable":true,"href":"https:\/\/artvisionsculptures.com\/it\/wp-json\/wp\/v2\/product_cat?post=1405"},{"taxonomy":"product_tag","embeddable":true,"href":"https:\/\/artvisionsculptures.com\/it\/wp-json\/wp\/v2\/product_tag?post=1405"}],"curies":[{"name":"wp","href":"https:\/\/api.w.org\/{rel}","templated":true}]}}