{"id":1436,"date":"2022-07-11T07:51:00","date_gmt":"2022-07-11T07:51:00","guid":{"rendered":"http:\/\/artvisionsculptures.com\/?post_type=product&#038;p=1436"},"modified":"2024-01-16T08:01:13","modified_gmt":"2024-01-16T08:01:13","slug":"mirror-polished-number-stainless-steel-sculpture","status":"publish","type":"product","link":"https:\/\/artvisionsculptures.com\/it\/prodotto\/mirror-polished-number-stainless-steel-sculpture\/","title":{"rendered":"Scultura in acciaio inossidabile lucidato a specchio"},"content":{"rendered":"<p>Il Centro Espositivo Digitale della Cina a Fuzhou \u00e8 stato completato nel 2019. All'esterno della sede, la scultura tridimensionale a forma di numero attira l'attenzione dei passanti. \u00c8 una scultura astratta a forma di otto posizionata orizzontalmente. \u00c8 realizzata in acciaio inossidabile 316L con finitura lucidata a specchio, alta 3 metri. La scultura \u00e8 gi\u00e0 un punto di riferimento del Centro Espositivo e richiama il tema della Cina Digitale.<\/p>","protected":false},"excerpt":{"rendered":"<p><strong>Informazioni di base:<\/strong><\/p>\n<p>Materiale: acciaio inossidabile 316L<\/p>\n<p>Dimensione: H3m<\/p>\n<p>Trattamento Superficiale: Lucidatura a specchio<\/p>\n<p>&nbsp;<\/p>","protected":false},"featured_media":1438,"template":"","meta":[],"product_cat":[46],"product_tag":[],"class_list":{"0":"post-1436","1":"product","2":"type-product","3":"status-publish","4":"has-post-thumbnail","6":"product_cat-stainless-steel-sculpture","8":"first","9":"instock","10":"shipping-taxable","11":"product-type-simple"},"_links":{"self":[{"href":"https:\/\/artvisionsculptures.com\/it\/wp-json\/wp\/v2\/product\/1436","targetHints":{"allow":["GET"]}}],"collection":[{"href":"https:\/\/artvisionsculptures.com\/it\/wp-json\/wp\/v2\/product"}],"about":[{"href":"https:\/\/artvisionsculptures.com\/it\/wp-json\/wp\/v2\/types\/product"}],"version-history":[{"count":1,"href":"https:\/\/artvisionsculptures.com\/it\/wp-json\/wp\/v2\/product\/1436\/revisions"}],"predecessor-version":[{"id":1440,"href":"https:\/\/artvisionsculptures.com\/it\/wp-json\/wp\/v2\/product\/1436\/revisions\/1440"}],"wp:featuredmedia":[{"embeddable":true,"href":"https:\/\/artvisionsculptures.com\/it\/wp-json\/wp\/v2\/media\/1438"}],"wp:attachment":[{"href":"https:\/\/artvisionsculptures.com\/it\/wp-json\/wp\/v2\/media?parent=1436"}],"wp:term":[{"taxonomy":"product_cat","embeddable":true,"href":"https:\/\/artvisionsculptures.com\/it\/wp-json\/wp\/v2\/product_cat?post=1436"},{"taxonomy":"product_tag","embeddable":true,"href":"https:\/\/artvisionsculptures.com\/it\/wp-json\/wp\/v2\/product_tag?post=1436"}],"curies":[{"name":"wp","href":"https:\/\/api.w.org\/{rel}","templated":true}]}}