{"id":2649,"date":"2025-05-15T07:40:22","date_gmt":"2025-05-15T07:40:22","guid":{"rendered":"https:\/\/artvisionsculptures.com\/?post_type=product&#038;p=2649"},"modified":"2025-05-23T07:44:08","modified_gmt":"2025-05-23T07:44:08","slug":"timeless-brass-art-sculpture","status":"publish","type":"product","link":"https:\/\/artvisionsculptures.com\/it\/prodotto\/timeless-brass-art-sculpture\/","title":{"rendered":"Scultura d'Arte in Ottone senza Tempo"},"content":{"rendered":"<p><span style=\"font-family: arial, helvetica, sans-serif;\">Da Artvision, siamo orgogliosi di creare exquisite sculture in ottone forgiato a mano che uniscono arte e artigianato. La nostra ultima opera \u00e8 una straordinaria scultura in ottone alta 1,9 metri, meticolosamente modellata da artigiani esperti.<\/span><\/p>\n<p><span style=\"font-family: arial, helvetica, sans-serif;\">Realizzate in ottone di alta qualit\u00e0, le nostre sculture offrono durabilit\u00e0, una calda tonalit\u00e0 dorata e un fascino senza tempo. A differenza di pezzi prodotti in serie, ogni scultura \u00e8 forgiata a mano, garantendo texture uniche e dettagli raffinati che solo l'artigianato tradizionale pu\u00f2 ottenere.<\/span><\/p>\n<p><span style=\"font-family: arial, helvetica, sans-serif;\">Creare una scultura in metallo su misura \u00e8 un lavoro di amore. Ecco uno sguardo al nostro processo:<\/span><br \/>\n<span style=\"font-family: arial, helvetica, sans-serif;\">Design &amp; Concetto \u2013 Collaboriamo con i clienti o ci ispiriamo a schizzi originali per plasmare la visione.<\/span><br \/>\n<span style=\"font-family: arial, helvetica, sans-serif;\">Selezione dei Materiali \u2013 Si scelgono lastre di ottone di alta qualit\u00e0 per la loro malleabilit\u00e0 e finitura ricca.<\/span><br \/>\n<span style=\"font-family: arial, helvetica, sans-serif;\">Martellatura a Mano \u2013 Gli artigiani modellano con cura il metallo utilizzando tecniche di forgiatura antiche, conferendo a ogni pezzo il suo carattere distintivo.<\/span><br \/>\n<span style=\"font-family: arial, helvetica, sans-serif;\">Finiture \u2013 La scultura viene lucidata, patinata e sigillata per migliorarne la durata.<\/span><\/p>\n<p><span style=\"font-family: arial, helvetica, sans-serif;\">Perfetta per Personalizzazioni<\/span><br \/>\n<span style=\"font-family: arial, helvetica, sans-serif;\">Se hai bisogno di una scultura in metallo su misura per un ingresso di hotel, un giardino o una collezione privata, adattiamo i design alle tue esigenze estetiche. La nostra scultura in ottone di 1,9 m fa una dichiarazione audace, ma realizziamo anche pezzi pi\u00f9 piccoli o pi\u00f9 grandi su richiesta.<\/span><\/p>","protected":false},"excerpt":{"rendered":"<p><span style=\"font-family: arial, helvetica, sans-serif;\">Informazioni di base:<\/span><\/p>\n<p><span style=\"font-family: arial, helvetica, sans-serif;\">Materiale: Ottone<\/span><\/p>\n<p><span style=\"font-family: arial, helvetica, sans-serif;\">Dimensione: H190cm<\/span><\/p>\n<p><span style=\"font-family: arial, helvetica, sans-serif;\">Trattamento superficiale: Patina<\/span><\/p>","protected":false},"featured_media":2639,"template":"","meta":[],"product_cat":[64],"product_tag":[],"class_list":{"0":"post-2649","1":"product","2":"type-product","3":"status-publish","4":"has-post-thumbnail","6":"product_cat-brass-sculptures","8":"first","9":"instock","10":"shipping-taxable","11":"product-type-simple"},"_links":{"self":[{"href":"https:\/\/artvisionsculptures.com\/it\/wp-json\/wp\/v2\/product\/2649","targetHints":{"allow":["GET"]}}],"collection":[{"href":"https:\/\/artvisionsculptures.com\/it\/wp-json\/wp\/v2\/product"}],"about":[{"href":"https:\/\/artvisionsculptures.com\/it\/wp-json\/wp\/v2\/types\/product"}],"version-history":[{"count":1,"href":"https:\/\/artvisionsculptures.com\/it\/wp-json\/wp\/v2\/product\/2649\/revisions"}],"predecessor-version":[{"id":2650,"href":"https:\/\/artvisionsculptures.com\/it\/wp-json\/wp\/v2\/product\/2649\/revisions\/2650"}],"wp:featuredmedia":[{"embeddable":true,"href":"https:\/\/artvisionsculptures.com\/it\/wp-json\/wp\/v2\/media\/2639"}],"wp:attachment":[{"href":"https:\/\/artvisionsculptures.com\/it\/wp-json\/wp\/v2\/media?parent=2649"}],"wp:term":[{"taxonomy":"product_cat","embeddable":true,"href":"https:\/\/artvisionsculptures.com\/it\/wp-json\/wp\/v2\/product_cat?post=2649"},{"taxonomy":"product_tag","embeddable":true,"href":"https:\/\/artvisionsculptures.com\/it\/wp-json\/wp\/v2\/product_tag?post=2649"}],"curies":[{"name":"wp","href":"https:\/\/api.w.org\/{rel}","templated":true}]}}