{"id":2653,"date":"2025-05-18T09:13:56","date_gmt":"2025-05-18T09:13:56","guid":{"rendered":"https:\/\/artvisionsculptures.com\/?post_type=product&#038;p=2653"},"modified":"2025-05-24T13:25:58","modified_gmt":"2025-05-24T13:25:58","slug":"monumental-matte-stainless-steel-sculpture","status":"publish","type":"product","link":"https:\/\/artvisionsculptures.com\/it\/prodotto\/monumental-matte-stainless-steel-sculpture\/","title":{"rendered":"Scultura monumentale in acciaio inossidabile opaco"},"content":{"rendered":"<p><span style=\"font-family: arial, helvetica, sans-serif;\">Come produttore leader di sculture in metallo in Cina, siamo orgogliosi di realizzare eccezionali sculture in acciaio inossidabile che uniscono arte e ingegneria. La nostra ultima opera monumentale\u2014una straordinaria scultura in metallo su misura alta 3 metri e lunga 15 metri\u2014mostra la fusione perfetta tra artigianato moderno e tecnica senza tempo.<\/span><\/p>\n<p><span style=\"font-family: arial, helvetica, sans-serif;\">Forgiata in acciaio inossidabile 304 di alta qualit\u00e0, questa scultura incarna durabilit\u00e0 ed eleganza. La resistenza alla corrosione del materiale garantisce longevit\u00e0, rendendola ideale per installazioni di arte pubblica sia indoor che outdoor. I nostri artigiani esperti impiegano una combinazione unica di forgiatura a mano e tradizionale fusione a cera persa, un processo meticoloso che inizia con la modellazione di un dettagliato modello in cera, l'incapsulamento in uno stampo in ceramica e poi la colata di metallo fuso per catturare ogni dettaglio intricato.<\/span><\/p>\n<p><span style=\"font-family: arial, helvetica, sans-serif;\">Ispirata dal movimento fluido delle pagaie delle barche del canale\u2014dove le curve ritmiche imitano il flusso dell'acqua e la vitalit\u00e0 simile a un drago\u2014questo pezzo di arte contemporanea presenta una serie di forme ripetitive e progressive che creano una sensazione ipnotica di movimento. L'interazione di luce e ombra sulle sue superfici lucide ne esalta la profondit\u00e0 visiva.<\/span><\/p>\n<p><span style=\"font-family: arial, helvetica, sans-serif;\">Come produttore affidabile di sculture d'arte moderna, ci specializziamo in creazioni in metallo su misura, adattate alla tua visione. Che si tratti di paesaggi urbani, spazi aziendali o monumenti culturali, le nostre sculture ridefiniscono gli ambienti con design audaci e immaginativi. Collabora con noi per dare vita alle tue aspirazioni artistiche con precisione, passione e artigianato senza pari.<\/span><\/p>\n<p><span style=\"font-family: arial, helvetica, sans-serif;\">Costruiamo insieme il futuro dell'arte pubblica.<\/span><\/p>","protected":false},"excerpt":{"rendered":"<p><span style=\"font-family: arial, helvetica, sans-serif;\">Informazioni di base:<\/span><\/p>\n<p><span style=\"font-family: arial, helvetica, sans-serif;\">Materiale: acciaio inossidabile 304<\/span><\/p>\n<p><span style=\"font-family: arial, helvetica, sans-serif;\">Dimensione: H3m x L15m<\/span><\/p>\n<p><span style=\"font-family: arial, helvetica, sans-serif;\">Trattamento superficiale: Opaco<\/span><\/p>","protected":false},"featured_media":2654,"template":"","meta":[],"product_cat":[46],"product_tag":[],"class_list":{"0":"post-2653","1":"product","2":"type-product","3":"status-publish","4":"has-post-thumbnail","6":"product_cat-stainless-steel-sculpture","8":"first","9":"instock","10":"shipping-taxable","11":"product-type-simple"},"_links":{"self":[{"href":"https:\/\/artvisionsculptures.com\/it\/wp-json\/wp\/v2\/product\/2653","targetHints":{"allow":["GET"]}}],"collection":[{"href":"https:\/\/artvisionsculptures.com\/it\/wp-json\/wp\/v2\/product"}],"about":[{"href":"https:\/\/artvisionsculptures.com\/it\/wp-json\/wp\/v2\/types\/product"}],"version-history":[{"count":1,"href":"https:\/\/artvisionsculptures.com\/it\/wp-json\/wp\/v2\/product\/2653\/revisions"}],"predecessor-version":[{"id":2664,"href":"https:\/\/artvisionsculptures.com\/it\/wp-json\/wp\/v2\/product\/2653\/revisions\/2664"}],"wp:featuredmedia":[{"embeddable":true,"href":"https:\/\/artvisionsculptures.com\/it\/wp-json\/wp\/v2\/media\/2654"}],"wp:attachment":[{"href":"https:\/\/artvisionsculptures.com\/it\/wp-json\/wp\/v2\/media?parent=2653"}],"wp:term":[{"taxonomy":"product_cat","embeddable":true,"href":"https:\/\/artvisionsculptures.com\/it\/wp-json\/wp\/v2\/product_cat?post=2653"},{"taxonomy":"product_tag","embeddable":true,"href":"https:\/\/artvisionsculptures.com\/it\/wp-json\/wp\/v2\/product_tag?post=2653"}],"curies":[{"name":"wp","href":"https:\/\/api.w.org\/{rel}","templated":true}]}}