{"id":2832,"date":"2025-06-07T05:58:11","date_gmt":"2025-06-07T05:58:11","guid":{"rendered":"https:\/\/artvisionsculptures.com\/?post_type=product&#038;p=2832"},"modified":"2025-06-20T06:08:16","modified_gmt":"2025-06-20T06:08:16","slug":"hand-painted-stainless-steel-globe-sculpture","status":"publish","type":"product","link":"https:\/\/artvisionsculptures.com\/it\/prodotto\/hand-painted-stainless-steel-globe-sculpture\/","title":{"rendered":"Scultura in acciaio inossidabile globale dipinta a mano"},"content":{"rendered":"<p><span style=\"font-family: arial, helvetica, sans-serif; font-size: 12pt;\">La scultura Artvision \u00e8 un produttore professionale di sculture in metallo con sede in Cina, specializzato in sculture personalizzate in acciaio inossidabile per arte pubblica, spazi urbani e installazioni contemporanee. Questa scultura \u00e8 una delle nostre opere recenti che combina artigianato avanzato con un design riflessivo.<\/span><\/p>\n<p><span style=\"font-family: arial, helvetica, sans-serif; font-size: 12pt;\">Quest'opera \u00e8 una scultura in acciaio inossidabile di diametro 1,5 metri, che rappresenta un emisfero stilizzato. \u00c8 realizzata in acciaio inossidabile di alta qualit\u00e0 304, scelto per la sua eccellente durabilit\u00e0 e resistenza alla corrosione, rendendola ideale per esposizioni all'aperto in tutte le condizioni atmosferiche. La forma complessiva \u00e8 un emisfero pulito, con dettagli superficiali che la distinguono dalle sculture sferiche tipiche.<\/span><\/p>\n<p><span style=\"font-family: arial, helvetica, sans-serif; font-size: 12pt;\">La parte superiore dell'emisfero presenta due zone decorative, ognuna simbolo di diverse texture geologiche. Questi anelli sono stati progettati non solo per arricchire l'esperienza visiva ma anche per evocare un senso di scoperta stratificata\u2014come esplorare diversi strati della terra. Le texture esterne non sono mappe letterali, ma interpretazioni scultoree, create per invitare alla curiosit\u00e0 sui paesaggi diversi del mondo. Il concetto si ispira vagamente all'esplorazione geografica, anche se l'opera finale si distingue come un pezzo di arte moderna.<\/span><\/p>\n<p><span style=\"font-family: arial, helvetica, sans-serif; font-size: 12pt;\">Ogni parte di questa scultura \u00e8 stata creata utilizzando un processo tradizionale di forgiatura a mano. I nostri artigiani esperti iniziano modellando fogli di acciaio inossidabile, martellando e perfezionando gradualmente la forma su una struttura di base su misura. A differenza di oggetti prodotti in serie, ogni curva e contorno \u00e8 modellato con cura per ottenere equilibrio visivo e resistenza fisica. Le aree testurizzate sono sviluppate a mano disegnando, applicate manualmente per garantire che ogni dettaglio sia nitido ed espressivo.<\/span><\/p>\n<p><span style=\"font-family: arial, helvetica, sans-serif; font-size: 12pt;\">Come fabbrica di sculture in metallo in Cina, ci concentriamo sulla combinazione di precisione tecnica e creativit\u00e0 estetica. Il nostro team di fabbricatori e designer lavora a stretto contatto per garantire che ogni pezzo, sia destinato a una piazza cittadina, a un parco o a un contesto istituzionale, diventi un simbolo duraturo di arte pubblica. Questa scultura pu\u00f2 essere adattata a diverse finiture superficiali\u2014come satinata o lucidata a specchio\u2014a seconda dell'ambiente e dell'illuminazione del vostro progetto.<\/span><\/p>\n<p><span style=\"font-family: arial, helvetica, sans-serif; font-size: 12pt;\">Siamo orgogliosi di essere uno dei pochi produttori di sculture d'arte moderna in grado di offrire un alto livello di personalizzazione, competenza sui materiali e sensibilit\u00e0 artistica sotto un unico tetto. I nostri clienti includono architetti del paesaggio, pianificatori urbani, curatori e collezionisti privati che cercano sculture in metallo personalizzate, durevoli ed espressive.<\/span><\/p>\n<p><span style=\"font-family: arial, helvetica, sans-serif; font-size: 12pt;\">Questa scultura emisferica rappresenta un esempio forte di ci\u00f2 che facciamo meglio\u2014sculture in acciaio inossidabile che combinano forma significativa, artigianato qualificato e materiali moderni in un'opera che parla attraverso le culture. Non \u00e8 solo un globo, \u00e8 un avvio di conversazione, un punto di riferimento visivo per spazi aperti e una riflessione sul pensiero globale nel design contemporaneo.<\/span><\/p>","protected":false},"excerpt":{"rendered":"<p>Informazioni di base:<\/p>\n<p>Materiale: acciaio inossidabile 304<\/p>\n<p>Dimensione: Diametro 150cm<\/p>\n<p>Trattamento superficiale: Verniciato<\/p>","protected":false},"featured_media":2839,"template":"","meta":[],"product_cat":[46],"product_tag":[83,84,61,60,59,58],"class_list":{"0":"post-2832","1":"product","2":"type-product","3":"status-publish","4":"has-post-thumbnail","6":"product_cat-stainless-steel-sculpture","7":"product_tag-contemporarysculpture","8":"product_tag-fineart","9":"product_tag-outdoor-sculpture","10":"product_tag-public-art","11":"product_tag-sculpture-factory","12":"product_tag-stainless-steel-sculpture","14":"first","15":"instock","16":"shipping-taxable","17":"product-type-simple"},"_links":{"self":[{"href":"https:\/\/artvisionsculptures.com\/it\/wp-json\/wp\/v2\/product\/2832","targetHints":{"allow":["GET"]}}],"collection":[{"href":"https:\/\/artvisionsculptures.com\/it\/wp-json\/wp\/v2\/product"}],"about":[{"href":"https:\/\/artvisionsculptures.com\/it\/wp-json\/wp\/v2\/types\/product"}],"version-history":[{"count":1,"href":"https:\/\/artvisionsculptures.com\/it\/wp-json\/wp\/v2\/product\/2832\/revisions"}],"predecessor-version":[{"id":2841,"href":"https:\/\/artvisionsculptures.com\/it\/wp-json\/wp\/v2\/product\/2832\/revisions\/2841"}],"wp:featuredmedia":[{"embeddable":true,"href":"https:\/\/artvisionsculptures.com\/it\/wp-json\/wp\/v2\/media\/2839"}],"wp:attachment":[{"href":"https:\/\/artvisionsculptures.com\/it\/wp-json\/wp\/v2\/media?parent=2832"}],"wp:term":[{"taxonomy":"product_cat","embeddable":true,"href":"https:\/\/artvisionsculptures.com\/it\/wp-json\/wp\/v2\/product_cat?post=2832"},{"taxonomy":"product_tag","embeddable":true,"href":"https:\/\/artvisionsculptures.com\/it\/wp-json\/wp\/v2\/product_tag?post=2832"}],"curies":[{"name":"wp","href":"https:\/\/api.w.org\/{rel}","templated":true}]}}