{"id":512,"date":"2023-05-08T09:02:17","date_gmt":"2023-05-08T09:02:17","guid":{"rendered":"http:\/\/artvisionsculptures.com\/?post_type=product&#038;p=512"},"modified":"2024-01-12T09:13:40","modified_gmt":"2024-01-12T09:13:40","slug":"512","status":"publish","type":"product","link":"https:\/\/artvisionsculptures.com\/it\/prodotto\/512\/","title":{"rendered":"Scultura in acciaio inossidabile lucidata a mano Kiss"},"content":{"rendered":"<p class=\"p\">Esistono molti tipi di pezzi di danza a due, eseguiti da due attori, che sono completamente strutturati e hanno temi separati. Questa scultura si chiama Kiss, \u00e8 stata progettata dal noto artista cinese Mr Xu Hongfei. L'uomo tiene delicatamente la sua snella partner femminile che con le braccia tese all'indietro in una vivida combinazione di movimento e immagine.<\/p>\n<p>La scultura complessiva \u00e8 realizzata in acciaio inossidabile 316L e raggiunge un'altezza di 1,2 metri. La sua superficie \u00e8 rifinita con una lucidatura a specchio incompleta. Una base in acciaio inossidabile \u00e8 fissata alla parte inferiore della scultura, permettendo all'intera opera di stare in piedi da sola, rendendola facile da spostare e trasportare.<\/p>","protected":false},"excerpt":{"rendered":"<p class=\"p\"><strong><span class=\"15\">Informazioni di base:<\/span><\/strong><\/p>\n<p class=\"p\">Materiale: Acciaio inossidabile 316L<\/p>\n<p class=\"p\">Dimensione: H1,2m<\/p>\n<p class=\"p\">Trattamento superficiale: Lucidatura<\/p>","protected":false},"featured_media":515,"template":"","meta":[],"product_cat":[46],"product_tag":[],"class_list":{"0":"post-512","1":"product","2":"type-product","3":"status-publish","4":"has-post-thumbnail","6":"product_cat-stainless-steel-sculpture","8":"first","9":"instock","10":"shipping-taxable","11":"product-type-simple"},"_links":{"self":[{"href":"https:\/\/artvisionsculptures.com\/it\/wp-json\/wp\/v2\/product\/512","targetHints":{"allow":["GET"]}}],"collection":[{"href":"https:\/\/artvisionsculptures.com\/it\/wp-json\/wp\/v2\/product"}],"about":[{"href":"https:\/\/artvisionsculptures.com\/it\/wp-json\/wp\/v2\/types\/product"}],"version-history":[{"count":3,"href":"https:\/\/artvisionsculptures.com\/it\/wp-json\/wp\/v2\/product\/512\/revisions"}],"predecessor-version":[{"id":1114,"href":"https:\/\/artvisionsculptures.com\/it\/wp-json\/wp\/v2\/product\/512\/revisions\/1114"}],"wp:featuredmedia":[{"embeddable":true,"href":"https:\/\/artvisionsculptures.com\/it\/wp-json\/wp\/v2\/media\/515"}],"wp:attachment":[{"href":"https:\/\/artvisionsculptures.com\/it\/wp-json\/wp\/v2\/media?parent=512"}],"wp:term":[{"taxonomy":"product_cat","embeddable":true,"href":"https:\/\/artvisionsculptures.com\/it\/wp-json\/wp\/v2\/product_cat?post=512"},{"taxonomy":"product_tag","embeddable":true,"href":"https:\/\/artvisionsculptures.com\/it\/wp-json\/wp\/v2\/product_tag?post=512"}],"curies":[{"name":"wp","href":"https:\/\/api.w.org\/{rel}","templated":true}]}}