{"id":535,"date":"2023-02-23T09:09:13","date_gmt":"2023-02-23T09:09:13","guid":{"rendered":"http:\/\/artvisionsculptures.com\/?post_type=product&#038;p=535"},"modified":"2024-01-12T08:42:49","modified_gmt":"2024-01-12T08:42:49","slug":"perforated-stainless-steel-fairy-sculpture","status":"publish","type":"product","link":"https:\/\/artvisionsculptures.com\/it\/prodotto\/perforated-stainless-steel-fairy-sculpture\/","title":{"rendered":"Scultura di Fata in Acciaio Inox Perforato"},"content":{"rendered":"<p>La scultura seduta \u00e8 realizzata in acciaio inossidabile di alta qualit\u00e0 con una finitura a specchio super lucida, alta 1,2 m. \u00c8 una scultura di una fata mitologica e leggendaria con due ali leggere sulla schiena e alcune belle farfalle raggruppate intorno, \u00e8 davvero bella, leggera e snella.<\/p>\n<p>Le piastre perforate e le funi di filo sono spesso utilizzate anche nella produzione di sculture in metallo. Finemente lucidate passo dopo passo utilizzando l'arte della forgia a mano. Si inizia con un modello in schiuma, poi l'intera scultura viene divisa in sezioni, le piastre di acciaio perforato vengono tagliate e forgiate nella forma corretta prima di essere assemblate e saldate insieme, e l'ultimo passaggio \u00e8 la lavorazione della superficie. Quando \u00e8 finita, i segni di saldatura sulla superficie sono invisibili, il che richiede anche l'alta abilit\u00e0 del maestro artigiano.<\/p>","protected":false},"excerpt":{"rendered":"<p><strong>Informazioni di base:<\/strong><\/p>\n<p>Materiale: acciaio inossidabile 316L<\/p>\n<p>Dimensione: H1,2m<\/p>\n<p>Trattamento Superficiale: Lucidatura a Specchio<\/p>","protected":false},"featured_media":537,"template":"","meta":[],"product_cat":[46],"product_tag":[],"class_list":{"0":"post-535","1":"product","2":"type-product","3":"status-publish","4":"has-post-thumbnail","6":"product_cat-stainless-steel-sculpture","8":"first","9":"instock","10":"shipping-taxable","11":"product-type-simple"},"_links":{"self":[{"href":"https:\/\/artvisionsculptures.com\/it\/wp-json\/wp\/v2\/product\/535","targetHints":{"allow":["GET"]}}],"collection":[{"href":"https:\/\/artvisionsculptures.com\/it\/wp-json\/wp\/v2\/product"}],"about":[{"href":"https:\/\/artvisionsculptures.com\/it\/wp-json\/wp\/v2\/types\/product"}],"version-history":[{"count":2,"href":"https:\/\/artvisionsculptures.com\/it\/wp-json\/wp\/v2\/product\/535\/revisions"}],"predecessor-version":[{"id":1110,"href":"https:\/\/artvisionsculptures.com\/it\/wp-json\/wp\/v2\/product\/535\/revisions\/1110"}],"wp:featuredmedia":[{"embeddable":true,"href":"https:\/\/artvisionsculptures.com\/it\/wp-json\/wp\/v2\/media\/537"}],"wp:attachment":[{"href":"https:\/\/artvisionsculptures.com\/it\/wp-json\/wp\/v2\/media?parent=535"}],"wp:term":[{"taxonomy":"product_cat","embeddable":true,"href":"https:\/\/artvisionsculptures.com\/it\/wp-json\/wp\/v2\/product_cat?post=535"},{"taxonomy":"product_tag","embeddable":true,"href":"https:\/\/artvisionsculptures.com\/it\/wp-json\/wp\/v2\/product_tag?post=535"}],"curies":[{"name":"wp","href":"https:\/\/api.w.org\/{rel}","templated":true}]}}