{"id":549,"date":"2023-06-25T09:13:22","date_gmt":"2023-06-25T09:13:22","guid":{"rendered":"http:\/\/artvisionsculptures.com\/?post_type=product&#038;p=549"},"modified":"2024-01-12T08:38:04","modified_gmt":"2024-01-12T08:38:04","slug":"mirror-polished-cast-stainless-steel-sculpture","status":"publish","type":"product","link":"https:\/\/artvisionsculptures.com\/it\/prodotto\/mirror-polished-cast-stainless-steel-sculpture\/","title":{"rendered":"Scultura in Acciaio Inossidabile Fuso Lucidata a Specchio"},"content":{"rendered":"<div id=\"smv_tem_28_34\" class=\"esmartMargin smartAbs expandFlag\">\n<div class=\"yibuFrameContent tem_28_34 area_Style1\">\n<div class=\"w-container\" data-effect-name=\"enterTop\">\n<div id=\"smc_Area0\" class=\"smAreaC expandFlag\">\n<div id=\"smv_tem_25_25\" class=\"smartRecpt esmartMargin smartAbs\">\n<div class=\"yibuFrameContent tem_25_25 productContentBind_Style1\">\n<div id=\"tem_25_25_txt\" class=\"w-detailcontent\">\n<div class=\"w-detail\">\n<p>Questa \u00e8 una scultura in acciaio inossidabile sorprendente, progettata da un rinomato artista cinese, alta 80cm. La scultura \u00e8 composta da due parti: la parte anteriore presenta una figura umana astratta con una corona sulla testa, mentre la parte posteriore \u00e8 decorata con un gran numero di bolle. Lo stile unico della figura umana, trattata con colorazione, aggiunge un tocco di personalit\u00e0 alla scultura. La corona sulla testa della figura simboleggia potere e regalit\u00e0, conferendo all'opera un senso di maest\u00e0. Le bolle sul retro della scultura sono lucidate a specchio, riflettendo le persone e l'ambiente circostante, creando un contrasto sorprendente. Questo rappresenta anche la fusione tra arte tradizionale e moderna.<\/p>\n<p>La scultura \u00e8 realizzata in acciaio inossidabile di alta qualit\u00e0 316L ed \u00e8 realizzata tramite un processo di fusione complessiva, dalla progettazione e modellatura in silicone alla fusione in acciaio inossidabile e al trattamento superficiale colorato. Prestiamo attenzione a ogni dettaglio per garantire la massima qualit\u00e0 del prodotto finale.<\/p>\n<\/div>\n<\/div>\n<\/div>\n<\/div>\n<\/div>\n<\/div>\n<\/div>\n<\/div>\n<div id=\"smv_tem_26_2\" class=\"esmartMargin smartAbs\">\n<div class=\"yibuFrameContent tem_26_2 fullpageSlide_Style1\">\n<div id=\"lider_smv_tem_26_2_wrapper\">\n<div id=\"slider_smv_tem_26_2\" class=\"w-slide\" data-jssor-slider=\"1\">\n<div>\n<div data-scale-ratio=\"1\">\n<div class=\"w-slide-inner\" data-u=\"slides\"><\/div>\n<\/div>\n<\/div>\n<\/div>\n<\/div>\n<\/div>\n<\/div>","protected":false},"excerpt":{"rendered":"<p class=\"p\"><strong><span class=\"15\">Informazioni di base:<\/span><\/strong><\/p>\n<p class=\"p\">Materiale: Acciaio inossidabile 316L<\/p>\n<p class=\"p\">Dimensione: H80cm(2,75ft)<\/p>\n<p class=\"p\">Trattamento Superficiale: Lucidatura a specchio<\/p>","protected":false},"featured_media":550,"template":"","meta":[],"product_cat":[46],"product_tag":[],"class_list":{"0":"post-549","1":"product","2":"type-product","3":"status-publish","4":"has-post-thumbnail","6":"product_cat-stainless-steel-sculpture","8":"first","9":"instock","10":"shipping-taxable","11":"product-type-simple"},"_links":{"self":[{"href":"https:\/\/artvisionsculptures.com\/it\/wp-json\/wp\/v2\/product\/549","targetHints":{"allow":["GET"]}}],"collection":[{"href":"https:\/\/artvisionsculptures.com\/it\/wp-json\/wp\/v2\/product"}],"about":[{"href":"https:\/\/artvisionsculptures.com\/it\/wp-json\/wp\/v2\/types\/product"}],"version-history":[{"count":2,"href":"https:\/\/artvisionsculptures.com\/it\/wp-json\/wp\/v2\/product\/549\/revisions"}],"predecessor-version":[{"id":1108,"href":"https:\/\/artvisionsculptures.com\/it\/wp-json\/wp\/v2\/product\/549\/revisions\/1108"}],"wp:featuredmedia":[{"embeddable":true,"href":"https:\/\/artvisionsculptures.com\/it\/wp-json\/wp\/v2\/media\/550"}],"wp:attachment":[{"href":"https:\/\/artvisionsculptures.com\/it\/wp-json\/wp\/v2\/media?parent=549"}],"wp:term":[{"taxonomy":"product_cat","embeddable":true,"href":"https:\/\/artvisionsculptures.com\/it\/wp-json\/wp\/v2\/product_cat?post=549"},{"taxonomy":"product_tag","embeddable":true,"href":"https:\/\/artvisionsculptures.com\/it\/wp-json\/wp\/v2\/product_tag?post=549"}],"curies":[{"name":"wp","href":"https:\/\/api.w.org\/{rel}","templated":true}]}}