{"id":557,"date":"2023-09-20T09:14:55","date_gmt":"2023-09-20T09:14:55","guid":{"rendered":"http:\/\/artvisionsculptures.com\/?post_type=product&#038;p=557"},"modified":"2024-01-12T08:23:33","modified_gmt":"2024-01-12T08:23:33","slug":"painting-fiberglass-hand-and-figure-sculpture","status":"publish","type":"product","link":"https:\/\/artvisionsculptures.com\/it\/prodotto\/painting-fiberglass-hand-and-figure-sculpture\/","title":{"rendered":"Pittura di sculture in fibra di vetro con mano e figura"},"content":{"rendered":"<div id=\"smv_tem_28_34\" class=\"esmartMargin smartAbs expandFlag\">\n<div class=\"yibuFrameContent tem_28_34 area_Style1\">\n<div class=\"w-container\" data-effect-name=\"enterTop\">\n<div id=\"smc_Area0\" class=\"smAreaC expandFlag\">\n<div id=\"smv_tem_25_25\" class=\"smartRecpt esmartMargin smartAbs\">\n<div class=\"yibuFrameContent tem_25_25 productContentBind_Style1\">\n<div id=\"tem_25_25_txt\" class=\"w-detailcontent\">\n<div class=\"w-detail\">\n<p>La fibra di vetro \u00e8 uno dei materiali principali e pi\u00f9 popolari utilizzati nella produzione di sculture all'aperto. Questa installazione artistica, composta da una grande mano, una figura e l'ombra della mano. La figura umana e la mano sono entrambe realizzate in fibra di vetro, mentre l'ombra della mano \u00e8 fatta di acciaio inossidabile 304. La sua altezza \u00e8 di 3 metri. Questa combinazione garantisce un aspetto coerente e offre stabilit\u00e0 e sicurezza per l'intera scultura.<\/p>\n<p>Durante il processo di produzione, basato sul progetto del modello 3D, viene prima creato un modello in schiuma 1:1. Successivamente, la fibra di vetro viene modellata a sezioni secondo il modello. A causa della natura speciale della fibra di vetro, il processo di stampaggio richiede molte ripetizioni per garantire che la fibra di vetro riempia completamente lo stampo e formi la forma desiderata, seguito da raffreddamento e smontaggio. Per rafforzare ulteriormente la scultura, all\u2019interno viene installata una struttura in acciaio inossidabile come supporto, garantendone la resistenza e aumentando la durata.<\/p>\n<p>Questa \u00e8 una nuova opera del signor Andy Lau e dell'artista Wong Yulong, esposta al Freespace del Distretto Culturale di Hong Kong. Ha attirato l'attenzione di molti appassionati d'arte.<\/p>\n<\/div>\n<\/div>\n<\/div>\n<\/div>\n<\/div>\n<\/div>\n<\/div>\n<\/div>\n<div id=\"smv_tem_26_2\" class=\"esmartMargin smartAbs\">\n<div class=\"yibuFrameContent tem_26_2 fullpageSlide_Style1\">\n<div id=\"lider_smv_tem_26_2_wrapper\">\n<div id=\"slider_smv_tem_26_2\" class=\"w-slide\" data-jssor-slider=\"1\">\n<div>\n<div data-scale-ratio=\"1\">\n<div class=\"w-slide-inner\" data-u=\"slides\"><\/div>\n<\/div>\n<\/div>\n<\/div>\n<\/div>\n<\/div>\n<\/div>","protected":false},"excerpt":{"rendered":"<p><strong>Informazioni di base:<\/strong><\/p>\n<p>Materiale: acciaio inossidabile 304 e fibra di vetro<\/p>\n<p>Dimensione: H300cm(9,8 piedi)<\/p>\n<p>Trattamento Superficiale: Verniciatura a Spruzzo<\/p>","protected":false},"featured_media":967,"template":"","meta":[],"product_cat":[49],"product_tag":[],"class_list":{"0":"post-557","1":"product","2":"type-product","3":"status-publish","4":"has-post-thumbnail","6":"product_cat-fiberglass-sculpture","8":"first","9":"instock","10":"shipping-taxable","11":"product-type-simple"},"_links":{"self":[{"href":"https:\/\/artvisionsculptures.com\/it\/wp-json\/wp\/v2\/product\/557","targetHints":{"allow":["GET"]}}],"collection":[{"href":"https:\/\/artvisionsculptures.com\/it\/wp-json\/wp\/v2\/product"}],"about":[{"href":"https:\/\/artvisionsculptures.com\/it\/wp-json\/wp\/v2\/types\/product"}],"version-history":[{"count":2,"href":"https:\/\/artvisionsculptures.com\/it\/wp-json\/wp\/v2\/product\/557\/revisions"}],"predecessor-version":[{"id":1107,"href":"https:\/\/artvisionsculptures.com\/it\/wp-json\/wp\/v2\/product\/557\/revisions\/1107"}],"wp:featuredmedia":[{"embeddable":true,"href":"https:\/\/artvisionsculptures.com\/it\/wp-json\/wp\/v2\/media\/967"}],"wp:attachment":[{"href":"https:\/\/artvisionsculptures.com\/it\/wp-json\/wp\/v2\/media?parent=557"}],"wp:term":[{"taxonomy":"product_cat","embeddable":true,"href":"https:\/\/artvisionsculptures.com\/it\/wp-json\/wp\/v2\/product_cat?post=557"},{"taxonomy":"product_tag","embeddable":true,"href":"https:\/\/artvisionsculptures.com\/it\/wp-json\/wp\/v2\/product_tag?post=557"}],"curies":[{"name":"wp","href":"https:\/\/api.w.org\/{rel}","templated":true}]}}