{"id":564,"date":"2022-11-10T09:17:41","date_gmt":"2022-11-10T09:17:41","guid":{"rendered":"http:\/\/artvisionsculptures.com\/?post_type=product&#038;p=564"},"modified":"2024-01-12T08:18:16","modified_gmt":"2024-01-12T08:18:16","slug":"golden-bronze-heaven-and-earth-sculpture","status":"publish","type":"product","link":"https:\/\/artvisionsculptures.com\/it\/prodotto\/golden-bronze-heaven-and-earth-sculpture\/","title":{"rendered":"Scultura in Oro e Bronzo Cielo e Terra"},"content":{"rendered":"<p>Questa elegante scultura in bronzo \u00e8 realizzata in bronzo fuso. Ha una finitura in foglia d'oro, che \u00e8 uno strato protettivo che pu\u00f2 durare centinaia di anni se mantenuto correttamente. La bella scultura di una figura che punta verso il cielo \u00e8 un simbolo comune di ispirazione e speranza. Quando riempi la tua casa con questa opera d'arte decorativa, stai aggiungendo energia positiva.<\/p>","protected":false},"excerpt":{"rendered":"<p><strong>Informazioni di base:<\/strong><\/p>\n<p>Materiale: Bronzo<\/p>\n<p>Dimensione: H53\/103cm<\/p>\n<p>Trattamento superficiale: Patina e foglia d'oro<\/p>","protected":false},"featured_media":565,"template":"","meta":[],"product_cat":[47],"product_tag":[],"class_list":{"0":"post-564","1":"product","2":"type-product","3":"status-publish","4":"has-post-thumbnail","6":"product_cat-bronze-sculpture","8":"first","9":"instock","10":"shipping-taxable","11":"product-type-simple"},"_links":{"self":[{"href":"https:\/\/artvisionsculptures.com\/it\/wp-json\/wp\/v2\/product\/564","targetHints":{"allow":["GET"]}}],"collection":[{"href":"https:\/\/artvisionsculptures.com\/it\/wp-json\/wp\/v2\/product"}],"about":[{"href":"https:\/\/artvisionsculptures.com\/it\/wp-json\/wp\/v2\/types\/product"}],"version-history":[{"count":2,"href":"https:\/\/artvisionsculptures.com\/it\/wp-json\/wp\/v2\/product\/564\/revisions"}],"predecessor-version":[{"id":1105,"href":"https:\/\/artvisionsculptures.com\/it\/wp-json\/wp\/v2\/product\/564\/revisions\/1105"}],"wp:featuredmedia":[{"embeddable":true,"href":"https:\/\/artvisionsculptures.com\/it\/wp-json\/wp\/v2\/media\/565"}],"wp:attachment":[{"href":"https:\/\/artvisionsculptures.com\/it\/wp-json\/wp\/v2\/media?parent=564"}],"wp:term":[{"taxonomy":"product_cat","embeddable":true,"href":"https:\/\/artvisionsculptures.com\/it\/wp-json\/wp\/v2\/product_cat?post=564"},{"taxonomy":"product_tag","embeddable":true,"href":"https:\/\/artvisionsculptures.com\/it\/wp-json\/wp\/v2\/product_tag?post=564"}],"curies":[{"name":"wp","href":"https:\/\/api.w.org\/{rel}","templated":true}]}}