{"id":583,"date":"2022-10-18T09:24:36","date_gmt":"2022-10-18T09:24:36","guid":{"rendered":"http:\/\/artvisionsculptures.com\/?post_type=product&#038;p=583"},"modified":"2024-01-12T08:00:12","modified_gmt":"2024-01-12T08:00:12","slug":"patina-bronze-mocking-bird-sculpture","status":"publish","type":"product","link":"https:\/\/artvisionsculptures.com\/it\/prodotto\/patina-bronze-mocking-bird-sculpture\/","title":{"rendered":"Scultura in bronzo patinato con uccello che prende in giro"},"content":{"rendered":"<div id=\"smv_tem_28_34\" class=\"esmartMargin smartAbs expandFlag\">\n<div class=\"yibuFrameContent tem_28_34 area_Style1\">\n<div class=\"w-container\" data-effect-name=\"enterTop\">\n<div id=\"smc_Area0\" class=\"smAreaC expandFlag\">\n<div id=\"smv_tem_25_25\" class=\"smartRecpt esmartMargin smartAbs\">\n<div class=\"yibuFrameContent tem_25_25 productContentBind_Style1\">\n<div id=\"tem_25_25_txt\" class=\"w-detailcontent\">\n<div class=\"w-detail\">\n<p>Senza volto con un cappello e indossando abiti larghi \u00e8 una delle caratteristiche principali dell'opera di Huang Yulong, un artista contemporaneo cinese. Questa \u00e8 una versione infantile della figura con un tocco di hip-hop, realizzata in bronzo con una finitura in patina sulla superficie del corpo e una foglia d'oro all'interno del cappello. Il volto \u00e8 leggermente abbassato e le mani si aggrappano ai lati dei pantaloni in un'immagine vivida.<\/p>\n<p>La fusione a cera persa \u00e8 uno dei metodi pi\u00f9 comuni per realizzare lavori in metallo, che richiede un alto livello di abilit\u00e0 da parte dell'artigiano. \u00c8 suddivisa in diverse fasi di produzione, come stampi in argilla, modelli in cera, pellicola in silicone, gusci di sabbia, fusione del bronzo, versamento del bronzo in pezzi, lasciandolo raffreddare prima che ogni parte della scultura venga assemblata e saldata secondo la forma, e infine rifinita con una lucidatura accurata.<\/p>\n<\/div>\n<\/div>\n<\/div>\n<\/div>\n<\/div>\n<\/div>\n<\/div>\n<\/div>\n<div id=\"smv_tem_26_2\" class=\"esmartMargin smartAbs\">\n<div class=\"yibuFrameContent tem_26_2 fullpageSlide_Style1\">\n<div id=\"lider_smv_tem_26_2_wrapper\">\n<div id=\"slider_smv_tem_26_2\" class=\"w-slide\" data-jssor-slider=\"1\">\n<div>\n<div data-scale-ratio=\"1\">\n<div class=\"w-slide-inner\" data-u=\"slides\"><\/div>\n<\/div>\n<\/div>\n<\/div>\n<\/div>\n<\/div>\n<\/div>","protected":false},"excerpt":{"rendered":"<p><strong>Informazioni di base:<\/strong><\/p>\n<p>Materiale: Bronzo<\/p>\n<p>Dimensione: H103cm<\/p>\n<p>Trattamento superficiale: Patina e foglia d'oro<\/p>","protected":false},"featured_media":586,"template":"","meta":[],"product_cat":[47],"product_tag":[],"class_list":{"0":"post-583","1":"product","2":"type-product","3":"status-publish","4":"has-post-thumbnail","6":"product_cat-bronze-sculpture","8":"first","9":"instock","10":"shipping-taxable","11":"product-type-simple"},"_links":{"self":[{"href":"https:\/\/artvisionsculptures.com\/it\/wp-json\/wp\/v2\/product\/583","targetHints":{"allow":["GET"]}}],"collection":[{"href":"https:\/\/artvisionsculptures.com\/it\/wp-json\/wp\/v2\/product"}],"about":[{"href":"https:\/\/artvisionsculptures.com\/it\/wp-json\/wp\/v2\/types\/product"}],"version-history":[{"count":2,"href":"https:\/\/artvisionsculptures.com\/it\/wp-json\/wp\/v2\/product\/583\/revisions"}],"predecessor-version":[{"id":1103,"href":"https:\/\/artvisionsculptures.com\/it\/wp-json\/wp\/v2\/product\/583\/revisions\/1103"}],"wp:featuredmedia":[{"embeddable":true,"href":"https:\/\/artvisionsculptures.com\/it\/wp-json\/wp\/v2\/media\/586"}],"wp:attachment":[{"href":"https:\/\/artvisionsculptures.com\/it\/wp-json\/wp\/v2\/media?parent=583"}],"wp:term":[{"taxonomy":"product_cat","embeddable":true,"href":"https:\/\/artvisionsculptures.com\/it\/wp-json\/wp\/v2\/product_cat?post=583"},{"taxonomy":"product_tag","embeddable":true,"href":"https:\/\/artvisionsculptures.com\/it\/wp-json\/wp\/v2\/product_tag?post=583"}],"curies":[{"name":"wp","href":"https:\/\/api.w.org\/{rel}","templated":true}]}}